{"id":1003,"date":"2015-08-11T08:48:16","date_gmt":"2015-08-11T08:48:16","guid":{"rendered":"http:\/\/langbruck.at.w01385b3.kasserver.com\/veranstaltungen\/?lang=cs"},"modified":"2015-10-05T06:27:18","modified_gmt":"2015-10-05T06:27:18","slug":"veranstaltungen","status":"publish","type":"page","link":"https:\/\/www.langbruck.at\/cs\/veranstaltungen\/","title":{"rendered":"Veranstaltungen"},"content":{"rendered":"<div class=\"wpb-content-wrapper\"><p>[vc_row][vc_column][vc_column_text]<\/p>\n<h1>Veranstaltungen in Eben<\/h1>\n<h2>Feste, Konzerte uvm. in der Umgebung, im Salzburger Land<\/h2>\n<p>[\/vc_column_text][\/vc_column][\/vc_row][vc_row][vc_column][vc_raw_html]JTNDZGl2JTIwc3R5bGUlM0QlMjJvdmVyZmxvdyUzQSUyMGhpZGRlbiUzQiUyMiUzRSUzQ2lmcmFtZSUyMHN0eWxlJTNEJTIybWFyZ2luJTNBJTIwLTEyM3B4JTIwMCUyMDAlMjAwJTNCJTIyJTIwc3JjJTNEJTIyaHR0cCUzQSUyRiUyRndlYi5kZXNrbGluZS5uZXQlMkZzcG9ydHdlbHQlMkZkZSUyRmV2ZW50X2NhbGVuZGFyJTIyJTIwd2lkdGglM0QlMjIxMDAlMjUlMjIlMjBoZWlnaHQlM0QlMjIxMDAwJTIyJTIwZnJhbWVib3JkZXIlM0QlMjIwJTIyJTIwc2Nyb2xsaW5nJTNEJTIyYXV0byUyMiUzRSUzQyUyRmlmcmFtZSUzRSUzQyUyRmRpdiUzRQ==[\/vc_raw_html][\/vc_column][\/vc_row][vc_row][vc_column width=&#8220;1\/3&#8243;][vc_column_text]<span class=\"button-block\"><a href=\"https:\/\/www.langbruck.at\/cs\/sommerurlaub-salzburger-land\/\">Sommerurlaub<\/a><\/span>[\/vc_column_text][\/vc_column][vc_column width=&#8220;1\/3&#8243;][vc_column_text]<span class=\"button-block\"><a href=\"https:\/\/www.langbruck.at\/cs\/winterurlaub-salzburger-land\/\">Winterurlaub<\/a><\/span>[\/vc_column_text][\/vc_column][vc_column width=&#8220;1\/3&#8243;][vc_column_text]<span class=\"button-block\"><a href=\"https:\/\/www.langbruck.at\/cs\/ausflugsziele\/\">Ausflugsziele<\/a><\/span>[\/vc_column_text][\/vc_column][\/vc_row]<\/p>\n<\/div>","protected":false},"excerpt":{"rendered":"<p>[vc_row][vc_column][vc_column_text] Veranstaltungen in Eben Feste, Konzerte uvm. in der Umgebung, im Salzburger Land [\/vc_column_text][\/vc_column][\/vc_row][vc_row][vc_column][vc_raw_html]JTNDZGl2JTIwc3R5bGUlM0QlMjJvdmVyZmxvdyUzQSUyMGhpZGRlbiUzQiUyMiUzRSUzQ2lmcmFtZSUyMHN0eWxlJTNEJTIybWFyZ2luJTNBJTIwLTEyM3B4JTIwMCUyMDAlMjAwJTNCJTIyJTIwc3JjJTNEJTIyaHR0cCUzQSUyRiUyRndlYi5kZXNrbGluZS5uZXQlMkZzcG9ydHdlbHQlMkZkZSUyRmV2ZW50X2NhbGVuZGFyJTIyJTIwd2lkdGglM0QlMjIxMDAlMjUlMjIlMjBoZWlnaHQlM0QlMjIxMDAwJTIyJTIwZnJhbWVib3JkZXIlM0QlMjIwJTIyJTIwc2Nyb2xsaW5nJTNEJTIyYXV0byUyMiUzRSUzQyUyRmlmcmFtZSUzRSUzQyUyRmRpdiUzRQ==[\/vc_raw_html][\/vc_column][\/vc_row][vc_row][vc_column width=&#8220;1\/3&#8243;][vc_column_text]Sommerurlaub[\/vc_column_text][\/vc_column][vc_column width=&#8220;1\/3&#8243;][vc_column_text]Winterurlaub[\/vc_column_text][\/vc_column][vc_column width=&#8220;1\/3&#8243;][vc_column_text]Ausflugsziele[\/vc_column_text][\/vc_column][\/vc_row]<\/p>\n\n<p><a class=\"readmore btn btn-default btn-default btn-block\" href=\"https:\/\/www.langbruck.at\/cs\/veranstaltungen\/\">Read More<\/a><\/p>","protected":false},"author":1,"featured_media":0,"parent":0,"menu_order":0,"comment_status":"closed","ping_status":"closed","template":"","meta":{"footnotes":""},"class_list":["post-1003","page","type-page","status-publish","hentry"],"yoast_head":"<!-- This site is optimized with the Yoast SEO plugin v27.5 - https:\/\/yoast.com\/product\/yoast-seo-wordpress\/ -->\n<title>Veranstaltungen - Langbruckgut<\/title>\n<meta name=\"robots\" content=\"index, follow, max-snippet:-1, max-image-preview:large, max-video-preview:-1\" \/>\n<link rel=\"canonical\" href=\"https:\/\/www.langbruck.at\/cs\/veranstaltungen\/\" \/>\n<meta property=\"og:locale\" content=\"cs_CZ\" \/>\n<meta property=\"og:type\" content=\"article\" \/>\n<meta property=\"og:title\" content=\"Veranstaltungen - Langbruckgut\" \/>\n<meta property=\"og:description\" content=\"[vc_row][vc_column][vc_column_text] Veranstaltungen in Eben Feste, Konzerte uvm. in der Umgebung, im Salzburger Land [\/vc_column_text][\/vc_column][\/vc_row][vc_row][vc_column][vc_raw_html]JTNDZGl2JTIwc3R5bGUlM0QlMjJvdmVyZmxvdyUzQSUyMGhpZGRlbiUzQiUyMiUzRSUzQ2lmcmFtZSUyMHN0eWxlJTNEJTIybWFyZ2luJTNBJTIwLTEyM3B4JTIwMCUyMDAlMjAwJTNCJTIyJTIwc3JjJTNEJTIyaHR0cCUzQSUyRiUyRndlYi5kZXNrbGluZS5uZXQlMkZzcG9ydHdlbHQlMkZkZSUyRmV2ZW50X2NhbGVuZGFyJTIyJTIwd2lkdGglM0QlMjIxMDAlMjUlMjIlMjBoZWlnaHQlM0QlMjIxMDAwJTIyJTIwZnJhbWVib3JkZXIlM0QlMjIwJTIyJTIwc2Nyb2xsaW5nJTNEJTIyYXV0byUyMiUzRSUzQyUyRmlmcmFtZSUzRSUzQyUyRmRpdiUzRQ==[\/vc_raw_html][\/vc_column][\/vc_row][vc_row][vc_column width=&#8220;1\/3&#8243;][vc_column_text]Sommerurlaub[\/vc_column_text][\/vc_column][vc_column width=&#8220;1\/3&#8243;][vc_column_text]Winterurlaub[\/vc_column_text][\/vc_column][vc_column width=&#8220;1\/3&#8243;][vc_column_text]Ausflugsziele[\/vc_column_text][\/vc_column][\/vc_row]\" \/>\n<meta property=\"og:url\" content=\"https:\/\/www.langbruck.at\/cs\/veranstaltungen\/\" \/>\n<meta property=\"og:site_name\" content=\"Langbruckgut\" \/>\n<meta property=\"article:modified_time\" content=\"2015-10-05T06:27:18+00:00\" \/>\n<meta name=\"twitter:card\" content=\"summary_large_image\" \/>\n<meta name=\"twitter:label1\" content=\"Odhadovan\u00e1 doba \u010dten\u00ed\" \/>\n\t<meta name=\"twitter:data1\" content=\"1 minuta\" \/>\n<script type=\"application\/ld+json\" class=\"yoast-schema-graph\">{\"@context\":\"https:\\\/\\\/schema.org\",\"@graph\":[{\"@type\":\"WebPage\",\"@id\":\"https:\\\/\\\/www.langbruck.at\\\/cs\\\/veranstaltungen\\\/\",\"url\":\"https:\\\/\\\/www.langbruck.at\\\/cs\\\/veranstaltungen\\\/\",\"name\":\"Veranstaltungen - Langbruckgut\",\"isPartOf\":{\"@id\":\"https:\\\/\\\/www.langbruck.at\\\/#website\"},\"datePublished\":\"2015-08-11T08:48:16+00:00\",\"dateModified\":\"2015-10-05T06:27:18+00:00\",\"breadcrumb\":{\"@id\":\"https:\\\/\\\/www.langbruck.at\\\/cs\\\/veranstaltungen\\\/#breadcrumb\"},\"inLanguage\":\"cs\",\"potentialAction\":[{\"@type\":\"ReadAction\",\"target\":[\"https:\\\/\\\/www.langbruck.at\\\/cs\\\/veranstaltungen\\\/\"]}]},{\"@type\":\"BreadcrumbList\",\"@id\":\"https:\\\/\\\/www.langbruck.at\\\/cs\\\/veranstaltungen\\\/#breadcrumb\",\"itemListElement\":[{\"@type\":\"ListItem\",\"position\":1,\"name\":\"Dom\u016f\",\"item\":\"https:\\\/\\\/www.langbruck.at\\\/cs\\\/\"},{\"@type\":\"ListItem\",\"position\":2,\"name\":\"Veranstaltungen\"}]},{\"@type\":\"WebSite\",\"@id\":\"https:\\\/\\\/www.langbruck.at\\\/#website\",\"url\":\"https:\\\/\\\/www.langbruck.at\\\/\",\"name\":\"Langbruckgut\",\"description\":\"Zimmer &amp; Ferienwohnungen in Eben\",\"potentialAction\":[{\"@type\":\"SearchAction\",\"target\":{\"@type\":\"EntryPoint\",\"urlTemplate\":\"https:\\\/\\\/www.langbruck.at\\\/?s={search_term_string}\"},\"query-input\":{\"@type\":\"PropertyValueSpecification\",\"valueRequired\":true,\"valueName\":\"search_term_string\"}}],\"inLanguage\":\"cs\"}]}<\/script>\n<!-- \/ Yoast SEO plugin. -->","yoast_head_json":{"title":"Veranstaltungen - Langbruckgut","robots":{"index":"index","follow":"follow","max-snippet":"max-snippet:-1","max-image-preview":"max-image-preview:large","max-video-preview":"max-video-preview:-1"},"canonical":"https:\/\/www.langbruck.at\/cs\/veranstaltungen\/","og_locale":"cs_CZ","og_type":"article","og_title":"Veranstaltungen - Langbruckgut","og_description":"[vc_row][vc_column][vc_column_text] Veranstaltungen in Eben Feste, Konzerte uvm. in der Umgebung, im Salzburger Land [\/vc_column_text][\/vc_column][\/vc_row][vc_row][vc_column][vc_raw_html]JTNDZGl2JTIwc3R5bGUlM0QlMjJvdmVyZmxvdyUzQSUyMGhpZGRlbiUzQiUyMiUzRSUzQ2lmcmFtZSUyMHN0eWxlJTNEJTIybWFyZ2luJTNBJTIwLTEyM3B4JTIwMCUyMDAlMjAwJTNCJTIyJTIwc3JjJTNEJTIyaHR0cCUzQSUyRiUyRndlYi5kZXNrbGluZS5uZXQlMkZzcG9ydHdlbHQlMkZkZSUyRmV2ZW50X2NhbGVuZGFyJTIyJTIwd2lkdGglM0QlMjIxMDAlMjUlMjIlMjBoZWlnaHQlM0QlMjIxMDAwJTIyJTIwZnJhbWVib3JkZXIlM0QlMjIwJTIyJTIwc2Nyb2xsaW5nJTNEJTIyYXV0byUyMiUzRSUzQyUyRmlmcmFtZSUzRSUzQyUyRmRpdiUzRQ==[\/vc_raw_html][\/vc_column][\/vc_row][vc_row][vc_column width=&#8220;1\/3&#8243;][vc_column_text]Sommerurlaub[\/vc_column_text][\/vc_column][vc_column width=&#8220;1\/3&#8243;][vc_column_text]Winterurlaub[\/vc_column_text][\/vc_column][vc_column width=&#8220;1\/3&#8243;][vc_column_text]Ausflugsziele[\/vc_column_text][\/vc_column][\/vc_row]","og_url":"https:\/\/www.langbruck.at\/cs\/veranstaltungen\/","og_site_name":"Langbruckgut","article_modified_time":"2015-10-05T06:27:18+00:00","twitter_card":"summary_large_image","twitter_misc":{"Odhadovan\u00e1 doba \u010dten\u00ed":"1 minuta"},"schema":{"@context":"https:\/\/schema.org","@graph":[{"@type":"WebPage","@id":"https:\/\/www.langbruck.at\/cs\/veranstaltungen\/","url":"https:\/\/www.langbruck.at\/cs\/veranstaltungen\/","name":"Veranstaltungen - Langbruckgut","isPartOf":{"@id":"https:\/\/www.langbruck.at\/#website"},"datePublished":"2015-08-11T08:48:16+00:00","dateModified":"2015-10-05T06:27:18+00:00","breadcrumb":{"@id":"https:\/\/www.langbruck.at\/cs\/veranstaltungen\/#breadcrumb"},"inLanguage":"cs","potentialAction":[{"@type":"ReadAction","target":["https:\/\/www.langbruck.at\/cs\/veranstaltungen\/"]}]},{"@type":"BreadcrumbList","@id":"https:\/\/www.langbruck.at\/cs\/veranstaltungen\/#breadcrumb","itemListElement":[{"@type":"ListItem","position":1,"name":"Dom\u016f","item":"https:\/\/www.langbruck.at\/cs\/"},{"@type":"ListItem","position":2,"name":"Veranstaltungen"}]},{"@type":"WebSite","@id":"https:\/\/www.langbruck.at\/#website","url":"https:\/\/www.langbruck.at\/","name":"Langbruckgut","description":"Zimmer &amp; Ferienwohnungen in Eben","potentialAction":[{"@type":"SearchAction","target":{"@type":"EntryPoint","urlTemplate":"https:\/\/www.langbruck.at\/?s={search_term_string}"},"query-input":{"@type":"PropertyValueSpecification","valueRequired":true,"valueName":"search_term_string"}}],"inLanguage":"cs"}]}},"_links":{"self":[{"href":"https:\/\/www.langbruck.at\/cs\/wp-json\/wp\/v2\/pages\/1003","targetHints":{"allow":["GET"]}}],"collection":[{"href":"https:\/\/www.langbruck.at\/cs\/wp-json\/wp\/v2\/pages"}],"about":[{"href":"https:\/\/www.langbruck.at\/cs\/wp-json\/wp\/v2\/types\/page"}],"author":[{"embeddable":true,"href":"https:\/\/www.langbruck.at\/cs\/wp-json\/wp\/v2\/users\/1"}],"replies":[{"embeddable":true,"href":"https:\/\/www.langbruck.at\/cs\/wp-json\/wp\/v2\/comments?post=1003"}],"version-history":[{"count":2,"href":"https:\/\/www.langbruck.at\/cs\/wp-json\/wp\/v2\/pages\/1003\/revisions"}],"predecessor-version":[{"id":1090,"href":"https:\/\/www.langbruck.at\/cs\/wp-json\/wp\/v2\/pages\/1003\/revisions\/1090"}],"wp:attachment":[{"href":"https:\/\/www.langbruck.at\/cs\/wp-json\/wp\/v2\/media?parent=1003"}],"curies":[{"name":"wp","href":"https:\/\/api.w.org\/{rel}","templated":true}]}}