{"id":1007,"date":"2015-08-11T08:47:49","date_gmt":"2015-08-11T08:47:49","guid":{"rendered":"http:\/\/langbruck.at.w01385b3.kasserver.com\/sommerurlaub-salzburger-land\/?lang=cs"},"modified":"2015-10-05T06:27:21","modified_gmt":"2015-10-05T06:27:21","slug":"sommerurlaub-salzburger-land","status":"publish","type":"page","link":"https:\/\/www.langbruck.at\/cs\/sommerurlaub-salzburger-land\/","title":{"rendered":"Sommerurlaub"},"content":{"rendered":"<div class=\"wpb-content-wrapper\"><p>[vc_row][vc_column][vc_column_text]<\/p>\n<h1>Sommerurlaub\u00a0in Eben im Pongau<\/h1>\n<h2>Wandern, Rad fahren, Schwimmen uvm. mit der ganzen Familie<\/h2>\n<p>[\/vc_column_text][\/vc_column][\/vc_row][vc_row][vc_column][vc_single_image image=&#8220;99&#8243; img_size=&#8220;full&#8220;][\/vc_column][\/vc_row][vc_row][vc_column][vc_column_text]Die Bergwelt des Salzburger Landes ist\u00a0einzigartig. Im Sommerurlaub in Eben im Pongau sind die\u00a0Radst\u00e4dter Tauern und das Hochk\u00f6nig-Massiv Ihre treuen Begleiter. Starten Sie Ihre Wanderungen und Mountainbike-Touren direkt beim <a href=\"https:\/\/www.langbruck.at\/\">Bio-Bauernhof Langbruckgut<\/a>. Egal ob Aktivurlauber, Genie\u00dfer, Familien &#8211; die zahlreichen weiteren Aktivit\u00e4ten f\u00fchren Sie zu den sch\u00f6nsten Naturpl\u00e4tzen der Region. In Eben im Pongau und der Umgebung\u00a0erleben Sie einen Sommerurlaub,\u00a0an den Sie sich noch lange und gerne zur\u00fcck erinnern werden.[\/vc_column_text][\/vc_column][\/vc_row][vc_row][vc_column][vc_separator][\/vc_column][\/vc_row][vc_row][vc_column][vc_row_inner][vc_column_inner width=&#8220;1\/2&#8243;][vc_column_text]<\/p>\n<h4>Wandern &amp; Bergsteigen im Salzburger Land<\/h4>\n<p>[\/vc_column_text][vc_column_text]<\/p>\n<ul>\n<li>\u00dcber 80 km\u00a0<a href=\"http:\/\/alpregio.outdooractive.com\/ar-eben\/de\/alpregio.jsp#activ=Wanderung&amp;tab=ToursTab\" target=\"_blank\">bestens markierte Wanderwege<\/a>\u00a0in Eben im Pongau und Umgebung<\/li>\n<li>Touren f\u00fcr Genusswanderer, Familien, erfahrene Bergsteiger<\/li>\n<li>Almh\u00fctten\u00a0mit regionalen Schmankerln und Selbstgemachtem<\/li>\n<li><a href=\"http:\/\/www.salzburger-almenweg.at\/\" target=\"_blank\">Salzburger Almenweg<\/a>\u00a0f\u00fchrt durch die\u00a0Region<\/li>\n<li>M\u00f6glichkeiten f\u00fcr Sommerfahrten mit den Bergbahnen in der\u00a0Salzburger Sportwelt<\/li>\n<li><strong>Wanderungen direkt vom Langbruckgut aus m\u00f6glich<\/strong><\/li>\n<li><strong>Verleih von Wanderst\u00f6cken<\/strong><\/li>\n<\/ul>\n<p>[\/vc_column_text][\/vc_column_inner][vc_column_inner width=&#8220;1\/2&#8243;][vc_gallery interval=&#8220;3&#8243; images=&#8220;338,365,339&#8243; img_size=&#8220;medium&#8220;][\/vc_column_inner][\/vc_row_inner][vc_column_text]<\/p>\n<h5>Salzburger Sportwelt-Wanderbus<\/h5>\n<p>Nutzen Sie den Wanderbus der Salzburger Sportwelt um nur \u20ac 1,- (bei Vorweisen der Sportwelt Card). So gelangen Sie einfach und bequem zu den Ausgangspunkten Ihrer Wanderungen.[\/vc_column_text][\/vc_column][\/vc_row][vc_row][vc_column][vc_separator][\/vc_column][\/vc_row][vc_row][vc_column width=&#8220;1\/2&#8243;][vc_gallery interval=&#8220;3&#8243; images=&#8220;342,343,341&#8243; img_size=&#8220;medium&#8220;][\/vc_column][vc_column width=&#8220;1\/2&#8243;][vc_column_text]<\/p>\n<h4>Rad fahren &amp; Mountainbiken<\/h4>\n<p>[\/vc_column_text][vc_column_text]<\/p>\n<ul>\n<li>\u00dcber 100 km an <a href=\"http:\/\/alpregio.outdooractive.com\/ar-eben\/de\/alpregio.jsp#activ=Radtour&amp;tab=ToursTab\" target=\"_blank\">Rad-<\/a> und <a href=\"http:\/\/alpregio.outdooractive.com\/ar-eben\/de\/alpregio.jsp#activ=Mountainbike&amp;tab=ToursTab\" target=\"_blank\">Mountainbike-Strecken<\/a> in der Region rund um Eben im Pongau<\/li>\n<li>Unterschiedliche Streckenl\u00e4ngen und H\u00f6henprofile<\/li>\n<li><a href=\"http:\/\/www.ennsradweg.at\/\" target=\"_blank\">Ennsradweg<\/a>\u00a0startet in der Umgebung\u00a0(insgesamt 265 km von den Radst\u00e4dter Tauern bis zur Donau)<\/li>\n<li>J\u00e4hrlich: Amad\u00e9 Radmarathon in der\u00a0Region<\/li>\n<li><strong>Start von Mountainbike-Touren beim Bauernhof<\/strong><\/li>\n<\/ul>\n<p>[\/vc_column_text][\/vc_column][\/vc_row][vc_row][vc_column][vc_separator][\/vc_column][\/vc_row][vc_row][vc_column width=&#8220;1\/2&#8243;][vc_column_text]<\/p>\n<h4>Schwimmen &amp; Baden<\/h4>\n<p>[\/vc_column_text][vc_column_text]<\/p>\n<ul>\n<li>Badesee St. Martin: biologischer Badesee,\u00a03-Meter-Trampolin,\u00a0Wasserrutsche,\u00a0Icetower, Kleinkinder-Spielbereich, Erlebnisburg,\u00a0Beachvolleyballplatz<\/li>\n<li>Erlebnisbadesee Eben: 2 Wasserrutschen, Kleinkinderbecken, Sprungsteg, Spielplatz, Beachvolleyballplatz, Liegewiese<\/li>\n<li><a href=\"http:\/\/www.thermeamade.at\/\" target=\"_blank\">Therme Amad\u00e9<\/a>:\u00a0Entspannungsbecken mit Salz aus Bad Ischl, separate Saunalandschaft, Einzel-Loopingrutsche,\u00a0Black-Hole-Rutsche, Trichter-Rutsche, Wellenbecken, Kinderbecken<\/li>\n<li><strong>Badesee St. Martin ca. 2,5 km, Therme Amad\u00e9 ca. 5 km, Badesee Eben ca. 6 km vom Langbruckgut entfernt<\/strong><\/li>\n<\/ul>\n<p>[\/vc_column_text][\/vc_column][vc_column width=&#8220;1\/2&#8243;][vc_gallery interval=&#8220;3&#8243; images=&#8220;345,344,346&#8243; img_size=&#8220;medium&#8220;][\/vc_column][\/vc_row][vc_row][vc_column][vc_separator][\/vc_column][\/vc_row][vc_row][vc_column width=&#8220;1\/2&#8243;][vc_gallery interval=&#8220;3&#8243; images=&#8220;349,347,348&#8243; img_size=&#8220;medium&#8220;][\/vc_column][vc_column width=&#8220;1\/2&#8243;][vc_column_text]<\/p>\n<h4>Tennis spielen, Reiten &amp; Golfen<\/h4>\n<p>[\/vc_column_text][vc_column_text]<\/p>\n<ul>\n<li>Tennis: Sportzentrum Eben im Pongau mit 3 Sandpl\u00e4tzen<\/li>\n<li>Reiten in der <a href=\"http:\/\/www.reitschule-steiner.at\/\" target=\"_blank\">Reitschule Steiner<\/a> mit Reithalle, Dressurplatz, Gel\u00e4nderitt m\u00f6glich<\/li>\n<li><a href=\"http:\/\/www.radstadtgolf.at\/\" target=\"_blank\">Golfplatz in Radstadt<\/a> mit 18-Loch-Turnierplatz &amp;\u00a09-Loch-Kompaktplatz, ca. 14\u00a0km\u00a0vom Bio-Bauernhof entfernt<\/li>\n<\/ul>\n<p>[\/vc_column_text][\/vc_column][\/vc_row][vc_row el_class=&#8220;abstand-button3&#8243;][vc_column width=&#8220;1\/3&#8243;][vc_column_text]<span class=\"button-block\"><a href=\"https:\/\/www.langbruck.at\/cs\/ausflugsziele\/\">Ausflugsziele<\/a><\/span>[\/vc_column_text][\/vc_column][vc_column width=&#8220;1\/3&#8243;][vc_column_text]<span class=\"button-block\"><a href=\"https:\/\/www.langbruck.at\/cs\/veranstaltungen\/\">Veranstaltungen<\/a><\/span>[\/vc_column_text][\/vc_column][vc_column width=&#8220;1\/3&#8243;][vc_column_text]<span class=\"button-block\"><a href=\"https:\/\/www.langbruck.at\/cs\/winterurlaub-salzburger-land\/\">Winterurlaub<\/a><\/span>[\/vc_column_text][\/vc_column][\/vc_row]<\/p>\n<\/div>","protected":false},"excerpt":{"rendered":"<p>[vc_row][vc_column][vc_column_text] Sommerurlaub\u00a0in Eben im Pongau Wandern, Rad fahren, Schwimmen uvm. mit der ganzen Familie [\/vc_column_text][\/vc_column][\/vc_row][vc_row][vc_column][vc_single_image image=&#8220;99&#8243; img_size=&#8220;full&#8220;][\/vc_column][\/vc_row][vc_row][vc_column][vc_column_text]Die Bergwelt des Salzburger Landes ist\u00a0einzigartig. Im Sommerurlaub in Eben im Pongau sind die\u00a0Radst\u00e4dter Tauern und das Hochk\u00f6nig-Massiv Ihre treuen Begleiter. Starten Sie Ihre Wanderungen und Mountainbike-Touren direkt beim Bio-Bauernhof Langbruckgut. Egal ob Aktivurlauber, Genie\u00dfer, Familien &#8211; die zahlreichen &hellip;<\/p>\n\n<p><a class=\"readmore btn btn-default btn-default btn-block\" href=\"https:\/\/www.langbruck.at\/cs\/sommerurlaub-salzburger-land\/\">Read More<\/a><\/p>","protected":false},"author":1,"featured_media":0,"parent":0,"menu_order":0,"comment_status":"closed","ping_status":"closed","template":"","meta":{"footnotes":""},"class_list":["post-1007","page","type-page","status-publish","hentry"],"yoast_head":"<!-- This site is optimized with the Yoast SEO plugin v27.5 - https:\/\/yoast.com\/product\/yoast-seo-wordpress\/ -->\n<title>Sommerurlaub in Eben im Pongau, Salzburger Land<\/title>\n<meta name=\"description\" content=\"Ihr vielf\u00e4ltiger Sommerurlaub und Wanderurlaub in Eben im Pongau: Wandern, Bergsteigen, Radfahren &amp; Mountainbiken, Schwimmen &amp; Baden, Tennis, Reiten, Golf\" \/>\n<meta name=\"robots\" content=\"index, follow, max-snippet:-1, max-image-preview:large, max-video-preview:-1\" \/>\n<link rel=\"canonical\" href=\"https:\/\/www.langbruck.at\/cs\/sommerurlaub-salzburger-land\/\" \/>\n<meta property=\"og:locale\" content=\"cs_CZ\" \/>\n<meta property=\"og:type\" content=\"article\" \/>\n<meta property=\"og:title\" content=\"Sommerurlaub in Eben im Pongau, Salzburger Land\" \/>\n<meta property=\"og:description\" content=\"Ihr vielf\u00e4ltiger Sommerurlaub und Wanderurlaub in Eben im Pongau: Wandern, Bergsteigen, Radfahren &amp; Mountainbiken, Schwimmen &amp; Baden, Tennis, Reiten, Golf\" \/>\n<meta property=\"og:url\" content=\"https:\/\/www.langbruck.at\/cs\/sommerurlaub-salzburger-land\/\" \/>\n<meta property=\"og:site_name\" content=\"Langbruckgut\" \/>\n<meta property=\"article:modified_time\" content=\"2015-10-05T06:27:21+00:00\" \/>\n<meta name=\"twitter:card\" content=\"summary_large_image\" \/>\n<meta name=\"twitter:label1\" content=\"Odhadovan\u00e1 doba \u010dten\u00ed\" \/>\n\t<meta name=\"twitter:data1\" content=\"3 minuty\" \/>\n<script type=\"application\/ld+json\" class=\"yoast-schema-graph\">{\"@context\":\"https:\\\/\\\/schema.org\",\"@graph\":[{\"@type\":\"WebPage\",\"@id\":\"https:\\\/\\\/www.langbruck.at\\\/cs\\\/sommerurlaub-salzburger-land\\\/\",\"url\":\"https:\\\/\\\/www.langbruck.at\\\/cs\\\/sommerurlaub-salzburger-land\\\/\",\"name\":\"Sommerurlaub in Eben im Pongau, Salzburger Land\",\"isPartOf\":{\"@id\":\"https:\\\/\\\/www.langbruck.at\\\/#website\"},\"datePublished\":\"2015-08-11T08:47:49+00:00\",\"dateModified\":\"2015-10-05T06:27:21+00:00\",\"description\":\"Ihr vielf\u00e4ltiger Sommerurlaub und Wanderurlaub in Eben im Pongau: Wandern, Bergsteigen, Radfahren & Mountainbiken, Schwimmen & Baden, Tennis, Reiten, Golf\",\"breadcrumb\":{\"@id\":\"https:\\\/\\\/www.langbruck.at\\\/cs\\\/sommerurlaub-salzburger-land\\\/#breadcrumb\"},\"inLanguage\":\"cs\",\"potentialAction\":[{\"@type\":\"ReadAction\",\"target\":[\"https:\\\/\\\/www.langbruck.at\\\/cs\\\/sommerurlaub-salzburger-land\\\/\"]}]},{\"@type\":\"BreadcrumbList\",\"@id\":\"https:\\\/\\\/www.langbruck.at\\\/cs\\\/sommerurlaub-salzburger-land\\\/#breadcrumb\",\"itemListElement\":[{\"@type\":\"ListItem\",\"position\":1,\"name\":\"Dom\u016f\",\"item\":\"https:\\\/\\\/www.langbruck.at\\\/cs\\\/\"},{\"@type\":\"ListItem\",\"position\":2,\"name\":\"Sommerurlaub\"}]},{\"@type\":\"WebSite\",\"@id\":\"https:\\\/\\\/www.langbruck.at\\\/#website\",\"url\":\"https:\\\/\\\/www.langbruck.at\\\/\",\"name\":\"Langbruckgut\",\"description\":\"Zimmer &amp; Ferienwohnungen in Eben\",\"potentialAction\":[{\"@type\":\"SearchAction\",\"target\":{\"@type\":\"EntryPoint\",\"urlTemplate\":\"https:\\\/\\\/www.langbruck.at\\\/?s={search_term_string}\"},\"query-input\":{\"@type\":\"PropertyValueSpecification\",\"valueRequired\":true,\"valueName\":\"search_term_string\"}}],\"inLanguage\":\"cs\"}]}<\/script>\n<!-- \/ Yoast SEO plugin. -->","yoast_head_json":{"title":"Sommerurlaub in Eben im Pongau, Salzburger Land","description":"Ihr vielf\u00e4ltiger Sommerurlaub und Wanderurlaub in Eben im Pongau: Wandern, Bergsteigen, Radfahren & Mountainbiken, Schwimmen & Baden, Tennis, Reiten, Golf","robots":{"index":"index","follow":"follow","max-snippet":"max-snippet:-1","max-image-preview":"max-image-preview:large","max-video-preview":"max-video-preview:-1"},"canonical":"https:\/\/www.langbruck.at\/cs\/sommerurlaub-salzburger-land\/","og_locale":"cs_CZ","og_type":"article","og_title":"Sommerurlaub in Eben im Pongau, Salzburger Land","og_description":"Ihr vielf\u00e4ltiger Sommerurlaub und Wanderurlaub in Eben im Pongau: Wandern, Bergsteigen, Radfahren & Mountainbiken, Schwimmen & Baden, Tennis, Reiten, Golf","og_url":"https:\/\/www.langbruck.at\/cs\/sommerurlaub-salzburger-land\/","og_site_name":"Langbruckgut","article_modified_time":"2015-10-05T06:27:21+00:00","twitter_card":"summary_large_image","twitter_misc":{"Odhadovan\u00e1 doba \u010dten\u00ed":"3 minuty"},"schema":{"@context":"https:\/\/schema.org","@graph":[{"@type":"WebPage","@id":"https:\/\/www.langbruck.at\/cs\/sommerurlaub-salzburger-land\/","url":"https:\/\/www.langbruck.at\/cs\/sommerurlaub-salzburger-land\/","name":"Sommerurlaub in Eben im Pongau, Salzburger Land","isPartOf":{"@id":"https:\/\/www.langbruck.at\/#website"},"datePublished":"2015-08-11T08:47:49+00:00","dateModified":"2015-10-05T06:27:21+00:00","description":"Ihr vielf\u00e4ltiger Sommerurlaub und Wanderurlaub in Eben im Pongau: Wandern, Bergsteigen, Radfahren & Mountainbiken, Schwimmen & Baden, Tennis, Reiten, Golf","breadcrumb":{"@id":"https:\/\/www.langbruck.at\/cs\/sommerurlaub-salzburger-land\/#breadcrumb"},"inLanguage":"cs","potentialAction":[{"@type":"ReadAction","target":["https:\/\/www.langbruck.at\/cs\/sommerurlaub-salzburger-land\/"]}]},{"@type":"BreadcrumbList","@id":"https:\/\/www.langbruck.at\/cs\/sommerurlaub-salzburger-land\/#breadcrumb","itemListElement":[{"@type":"ListItem","position":1,"name":"Dom\u016f","item":"https:\/\/www.langbruck.at\/cs\/"},{"@type":"ListItem","position":2,"name":"Sommerurlaub"}]},{"@type":"WebSite","@id":"https:\/\/www.langbruck.at\/#website","url":"https:\/\/www.langbruck.at\/","name":"Langbruckgut","description":"Zimmer &amp; Ferienwohnungen in Eben","potentialAction":[{"@type":"SearchAction","target":{"@type":"EntryPoint","urlTemplate":"https:\/\/www.langbruck.at\/?s={search_term_string}"},"query-input":{"@type":"PropertyValueSpecification","valueRequired":true,"valueName":"search_term_string"}}],"inLanguage":"cs"}]}},"_links":{"self":[{"href":"https:\/\/www.langbruck.at\/cs\/wp-json\/wp\/v2\/pages\/1007","targetHints":{"allow":["GET"]}}],"collection":[{"href":"https:\/\/www.langbruck.at\/cs\/wp-json\/wp\/v2\/pages"}],"about":[{"href":"https:\/\/www.langbruck.at\/cs\/wp-json\/wp\/v2\/types\/page"}],"author":[{"embeddable":true,"href":"https:\/\/www.langbruck.at\/cs\/wp-json\/wp\/v2\/users\/1"}],"replies":[{"embeddable":true,"href":"https:\/\/www.langbruck.at\/cs\/wp-json\/wp\/v2\/comments?post=1007"}],"version-history":[{"count":2,"href":"https:\/\/www.langbruck.at\/cs\/wp-json\/wp\/v2\/pages\/1007\/revisions"}],"predecessor-version":[{"id":1096,"href":"https:\/\/www.langbruck.at\/cs\/wp-json\/wp\/v2\/pages\/1007\/revisions\/1096"}],"wp:attachment":[{"href":"https:\/\/www.langbruck.at\/cs\/wp-json\/wp\/v2\/media?parent=1007"}],"curies":[{"name":"wp","href":"https:\/\/api.w.org\/{rel}","templated":true}]}}