{"id":1009,"date":"2015-08-11T08:47:28","date_gmt":"2015-08-11T08:47:28","guid":{"rendered":"http:\/\/langbruck.at.w01385b3.kasserver.com\/chronik\/?lang=cs"},"modified":"2017-09-14T08:23:00","modified_gmt":"2017-09-14T08:23:00","slug":"chronik","status":"publish","type":"page","link":"https:\/\/www.langbruck.at\/cs\/chronik\/","title":{"rendered":"Chronik"},"content":{"rendered":"<div class=\"wpb-content-wrapper\"><p>[vc_row][vc_column][vc_column_text]<\/p>\n<h1>Chronik vom Langbruckgut<\/h1>\n<h2>Wie sich unser Bio-Bauernhof in Eben im Pongau entwickelte<\/h2>\n<p>[\/vc_column_text][vc_single_image image=&#8220;99&#8243; img_size=&#8220;full&#8220;][\/vc_column][\/vc_row][vc_row][vc_column][vc_column_text]Wenn man die Geschichte des Langbruckgutes l\u00e4nger zur\u00fcck verfolgt, trifft man auf die erste\u00a0urkundliche Erw\u00e4hnung im Jahre 1496 durch Johannes Langprugker. Das Mauerwerk des heutigen Hauses geht noch auf diese Zeit zur\u00fcck.<\/p>\n<p>&nbsp;<\/p>\n<p>Auf Johannes folgten Hanns, Matheus, Hanns, Martin und Hanns. Alle f\u00fchrten den Namen Langprugker fort, wobei sich die Schreibweise \u00fcber Lampruckher zu Langprugger ver\u00e4nderte.\u00a0Im Zuge der Protestantenvertreibung emigrierte der letzte Hanns Langprugger im Jahre 1732 nach Ostpreu\u00dfen.<\/p>\n<p>&nbsp;<\/p>\n<p>3 Jahre lang war kein Besitzer auf dem Langprugg bis schlie\u00dflich Hanns Schnitzperger den Hof 1735 k\u00e4uflich erwarb. Letzterer \u00fcbergab\u00a0das Gut seinem Sohn Joseph. Nach dessen Tod \u00fcbernahmen\u00a0die Witwe Maria Rettensteinerin und ihr zweiter\u00a0Ehemann Simon Scharfetter den Hof. Elisabeth Schnitzberger, die Tochter der Maria Rettensteinerin aus erster Ehe, und ihr Ehemann Joseph Steffner \u00fcbernahmen\u00a0den Besitz. Deren Sohn Johann erbte das Gut. Er heiratete Elisabeth Digruber und \u00fcbergab\u00a0ihr die H\u00e4lfte des Besitzes. Der Sohn Christian Steffner und seine Ehegattin Katharina teilten sich die Besitzrechte des Hofes je zur H\u00e4lfte.[\/vc_column_text][\/vc_column][\/vc_row][vc_row][vc_column width=&#8220;1\/3&#8243;][vc_single_image image=&#8220;367&#8243; img_size=&#8220;small&#8220; css=&#8220;.vc_custom_1441788790555{margin-bottom: 10px !important;}&#8220;][vc_column_text]<\/p>\n<p style=\"text-align: center;\">im Jahr 1920<\/p>\n<p>[\/vc_column_text][\/vc_column][vc_column width=&#8220;1\/3&#8243;][vc_single_image image=&#8220;368&#8243; img_size=&#8220;small&#8220; css=&#8220;.vc_custom_1441788849447{margin-bottom: 10px !important;}&#8220;][vc_column_text]<\/p>\n<p style=\"text-align: center;\">im Jahr 1955<\/p>\n<p>[\/vc_column_text][\/vc_column][vc_column width=&#8220;1\/3&#8243;][vc_single_image image=&#8220;839&#8243; img_size=&#8220;small&#8220; css=&#8220;.vc_custom_1441788945302{margin-bottom: 10px !important;}&#8220;][vc_column_text]<\/p>\n<p style=\"text-align: center;\">heute<\/p>\n<p>[\/vc_column_text][\/vc_column][\/vc_row][vc_row][vc_column][vc_column_text]Aufgrund der Einantwortungsurkunde wurde Johann Steffner als Nachfolger der H\u00e4lfte des Besitzes bestimmt. Seine Ehefrau Maria wurde\u00a0sp\u00e4ter zur H\u00e4lfte des Besitzes eingetragen. Christian und Barbara Steffner wurde\u00a0das Gut Langbruck samt Unter- und Obergf\u00f6ll je zum halben Teile vererbt. Sie renovierten im Jahre 1953 das Parterre und bauten die oberen Stockwerke dazu. 1956 wurde\u00a0das Wirtschaftsgeb\u00e4ude neu errichtet und im Jahr 1973 sowie in den darauffolgenden Jahren das Haus wiederholt renoviert.\u00a0Bis zum Jahr 2012 f\u00fchrten ihre Tochter Theresia und ihr Ehemann Johann Buchsteiner mit viel Engagement und Liebe Haus und Hof.[\/vc_column_text][vc_row_inner][vc_column_inner width=&#8220;1\/3&#8243;][vc_single_image image=&#8220;941&#8243; img_size=&#8220;small&#8220; css=&#8220;.vc_custom_1443078704502{margin-bottom: 10px !important;}&#8220;][vc_column_text]<\/p>\n<p style=\"text-align: center;\">damals<\/p>\n<p>[\/vc_column_text][\/vc_column_inner][vc_column_inner width=&#8220;1\/3&#8243;][vc_single_image image=&#8220;847&#8243; img_size=&#8220;small&#8220; css=&#8220;.vc_custom_1441789392755{margin-bottom: 10px !important;}&#8220;][vc_column_text]<\/p>\n<p style=\"text-align: center;\">heute<\/p>\n<p>[\/vc_column_text][\/vc_column_inner][vc_column_inner width=&#8220;1\/3&#8243;][vc_column_text]<\/p>\n<h4>Hofeigene Gf\u00f6llalm<\/h4>\n<p>[\/vc_column_text][vc_column_text]In dieser Zeit wurde die zum Hof geh\u00f6rige Gf\u00f6llalm wieder neu aufgebaut. Diese ist jetzt noch ein beliebtes Ausflugsziel f\u00fcr die Familie und die\u00a0G\u00e4ste.[\/vc_column_text][\/vc_column_inner][\/vc_row_inner][vc_column_text]Seit 2012 f\u00fchren der j\u00fcngste Sohn Hans-Peter und seine Frau Maria Buchsteiner\u00a0das Langbruckgut.\u00a0Die allerj\u00fcngste Generation der Buchsteiners w\u00e4chst gl\u00fccklich am Hof auf und freut sich auf viele Spielkameraden.[\/vc_column_text][\/vc_column][\/vc_row][vc_row][vc_column width=&#8220;1\/3&#8243;][vc_column_text]<span class=\"button-block\"><a href=\"https:\/\/www.langbruck.at\/ihre-gastgeber\/\">Ihre Gastgeber<\/a><\/span>[\/vc_column_text][\/vc_column][vc_column width=&#8220;1\/3&#8243;][vc_column_text]<span class=\"button-block\"><a href=\"https:\/\/www.langbruck.at\/tiere-spielplatz\/\">Tiere &amp; Spielplatz<\/a><\/span>[\/vc_column_text][\/vc_column][vc_column width=&#8220;1\/3&#8243;][vc_column_text]<span class=\"button-block\"><a href=\"https:\/\/www.langbruck.at\/ferienwohnung-salzburger-land\/\">Ferienwohnungen<\/a><\/span>[\/vc_column_text][\/vc_column][\/vc_row]<\/p>\n<\/div>","protected":false},"excerpt":{"rendered":"<p>[vc_row][vc_column][vc_column_text] Chronik vom Langbruckgut Wie sich unser Bio-Bauernhof in Eben im Pongau entwickelte [\/vc_column_text][vc_single_image image=&#8220;99&#8243; img_size=&#8220;full&#8220;][\/vc_column][\/vc_row][vc_row][vc_column][vc_column_text]Wenn man die Geschichte des Langbruckgutes l\u00e4nger zur\u00fcck verfolgt, trifft man auf die erste\u00a0urkundliche Erw\u00e4hnung im Jahre 1496 durch Johannes Langprugker. Das Mauerwerk des heutigen Hauses geht noch auf diese Zeit zur\u00fcck. &nbsp; Auf Johannes folgten Hanns, Matheus, Hanns, Martin &hellip;<\/p>\n\n<p><a class=\"readmore btn btn-default btn-default btn-block\" href=\"https:\/\/www.langbruck.at\/cs\/chronik\/\">Read More<\/a><\/p>","protected":false},"author":1,"featured_media":0,"parent":0,"menu_order":0,"comment_status":"closed","ping_status":"closed","template":"","meta":{"footnotes":""},"class_list":["post-1009","page","type-page","status-publish","hentry"],"yoast_head":"<!-- This site is optimized with the Yoast SEO plugin v27.5 - https:\/\/yoast.com\/product\/yoast-seo-wordpress\/ -->\n<title>Chronik - Langbruckgut<\/title>\n<meta name=\"robots\" content=\"index, follow, max-snippet:-1, max-image-preview:large, max-video-preview:-1\" \/>\n<link rel=\"canonical\" href=\"https:\/\/www.langbruck.at\/cs\/chronik\/\" \/>\n<meta property=\"og:locale\" content=\"cs_CZ\" \/>\n<meta property=\"og:type\" content=\"article\" \/>\n<meta property=\"og:title\" content=\"Chronik - Langbruckgut\" \/>\n<meta property=\"og:description\" content=\"[vc_row][vc_column][vc_column_text] Chronik vom Langbruckgut Wie sich unser Bio-Bauernhof in Eben im Pongau entwickelte [\/vc_column_text][vc_single_image image=&#8220;99&#8243; img_size=&#8220;full&#8220;][\/vc_column][\/vc_row][vc_row][vc_column][vc_column_text]Wenn man die Geschichte des Langbruckgutes l\u00e4nger zur\u00fcck verfolgt, trifft man auf die erste\u00a0urkundliche Erw\u00e4hnung im Jahre 1496 durch Johannes Langprugker. Das Mauerwerk des heutigen Hauses geht noch auf diese Zeit zur\u00fcck. &nbsp; Auf Johannes folgten Hanns, Matheus, Hanns, Martin &hellip;\" \/>\n<meta property=\"og:url\" content=\"https:\/\/www.langbruck.at\/cs\/chronik\/\" \/>\n<meta property=\"og:site_name\" content=\"Langbruckgut\" \/>\n<meta property=\"article:modified_time\" content=\"2017-09-14T08:23:00+00:00\" \/>\n<meta name=\"twitter:card\" content=\"summary_large_image\" \/>\n<meta name=\"twitter:label1\" content=\"Odhadovan\u00e1 doba \u010dten\u00ed\" \/>\n\t<meta name=\"twitter:data1\" content=\"3 minuty\" \/>\n<script type=\"application\/ld+json\" class=\"yoast-schema-graph\">{\"@context\":\"https:\\\/\\\/schema.org\",\"@graph\":[{\"@type\":\"WebPage\",\"@id\":\"https:\\\/\\\/www.langbruck.at\\\/cs\\\/chronik\\\/\",\"url\":\"https:\\\/\\\/www.langbruck.at\\\/cs\\\/chronik\\\/\",\"name\":\"Chronik - Langbruckgut\",\"isPartOf\":{\"@id\":\"https:\\\/\\\/www.langbruck.at\\\/#website\"},\"datePublished\":\"2015-08-11T08:47:28+00:00\",\"dateModified\":\"2017-09-14T08:23:00+00:00\",\"breadcrumb\":{\"@id\":\"https:\\\/\\\/www.langbruck.at\\\/cs\\\/chronik\\\/#breadcrumb\"},\"inLanguage\":\"cs\",\"potentialAction\":[{\"@type\":\"ReadAction\",\"target\":[\"https:\\\/\\\/www.langbruck.at\\\/cs\\\/chronik\\\/\"]}]},{\"@type\":\"BreadcrumbList\",\"@id\":\"https:\\\/\\\/www.langbruck.at\\\/cs\\\/chronik\\\/#breadcrumb\",\"itemListElement\":[{\"@type\":\"ListItem\",\"position\":1,\"name\":\"Dom\u016f\",\"item\":\"https:\\\/\\\/www.langbruck.at\\\/cs\\\/\"},{\"@type\":\"ListItem\",\"position\":2,\"name\":\"Chronik\"}]},{\"@type\":\"WebSite\",\"@id\":\"https:\\\/\\\/www.langbruck.at\\\/#website\",\"url\":\"https:\\\/\\\/www.langbruck.at\\\/\",\"name\":\"Langbruckgut\",\"description\":\"Zimmer &amp; Ferienwohnungen in Eben\",\"potentialAction\":[{\"@type\":\"SearchAction\",\"target\":{\"@type\":\"EntryPoint\",\"urlTemplate\":\"https:\\\/\\\/www.langbruck.at\\\/?s={search_term_string}\"},\"query-input\":{\"@type\":\"PropertyValueSpecification\",\"valueRequired\":true,\"valueName\":\"search_term_string\"}}],\"inLanguage\":\"cs\"}]}<\/script>\n<!-- \/ Yoast SEO plugin. -->","yoast_head_json":{"title":"Chronik - Langbruckgut","robots":{"index":"index","follow":"follow","max-snippet":"max-snippet:-1","max-image-preview":"max-image-preview:large","max-video-preview":"max-video-preview:-1"},"canonical":"https:\/\/www.langbruck.at\/cs\/chronik\/","og_locale":"cs_CZ","og_type":"article","og_title":"Chronik - Langbruckgut","og_description":"[vc_row][vc_column][vc_column_text] Chronik vom Langbruckgut Wie sich unser Bio-Bauernhof in Eben im Pongau entwickelte [\/vc_column_text][vc_single_image image=&#8220;99&#8243; img_size=&#8220;full&#8220;][\/vc_column][\/vc_row][vc_row][vc_column][vc_column_text]Wenn man die Geschichte des Langbruckgutes l\u00e4nger zur\u00fcck verfolgt, trifft man auf die erste\u00a0urkundliche Erw\u00e4hnung im Jahre 1496 durch Johannes Langprugker. Das Mauerwerk des heutigen Hauses geht noch auf diese Zeit zur\u00fcck. &nbsp; Auf Johannes folgten Hanns, Matheus, Hanns, Martin &hellip;","og_url":"https:\/\/www.langbruck.at\/cs\/chronik\/","og_site_name":"Langbruckgut","article_modified_time":"2017-09-14T08:23:00+00:00","twitter_card":"summary_large_image","twitter_misc":{"Odhadovan\u00e1 doba \u010dten\u00ed":"3 minuty"},"schema":{"@context":"https:\/\/schema.org","@graph":[{"@type":"WebPage","@id":"https:\/\/www.langbruck.at\/cs\/chronik\/","url":"https:\/\/www.langbruck.at\/cs\/chronik\/","name":"Chronik - Langbruckgut","isPartOf":{"@id":"https:\/\/www.langbruck.at\/#website"},"datePublished":"2015-08-11T08:47:28+00:00","dateModified":"2017-09-14T08:23:00+00:00","breadcrumb":{"@id":"https:\/\/www.langbruck.at\/cs\/chronik\/#breadcrumb"},"inLanguage":"cs","potentialAction":[{"@type":"ReadAction","target":["https:\/\/www.langbruck.at\/cs\/chronik\/"]}]},{"@type":"BreadcrumbList","@id":"https:\/\/www.langbruck.at\/cs\/chronik\/#breadcrumb","itemListElement":[{"@type":"ListItem","position":1,"name":"Dom\u016f","item":"https:\/\/www.langbruck.at\/cs\/"},{"@type":"ListItem","position":2,"name":"Chronik"}]},{"@type":"WebSite","@id":"https:\/\/www.langbruck.at\/#website","url":"https:\/\/www.langbruck.at\/","name":"Langbruckgut","description":"Zimmer &amp; Ferienwohnungen in Eben","potentialAction":[{"@type":"SearchAction","target":{"@type":"EntryPoint","urlTemplate":"https:\/\/www.langbruck.at\/?s={search_term_string}"},"query-input":{"@type":"PropertyValueSpecification","valueRequired":true,"valueName":"search_term_string"}}],"inLanguage":"cs"}]}},"_links":{"self":[{"href":"https:\/\/www.langbruck.at\/cs\/wp-json\/wp\/v2\/pages\/1009","targetHints":{"allow":["GET"]}}],"collection":[{"href":"https:\/\/www.langbruck.at\/cs\/wp-json\/wp\/v2\/pages"}],"about":[{"href":"https:\/\/www.langbruck.at\/cs\/wp-json\/wp\/v2\/types\/page"}],"author":[{"embeddable":true,"href":"https:\/\/www.langbruck.at\/cs\/wp-json\/wp\/v2\/users\/1"}],"replies":[{"embeddable":true,"href":"https:\/\/www.langbruck.at\/cs\/wp-json\/wp\/v2\/comments?post=1009"}],"version-history":[{"count":3,"href":"https:\/\/www.langbruck.at\/cs\/wp-json\/wp\/v2\/pages\/1009\/revisions"}],"predecessor-version":[{"id":1374,"href":"https:\/\/www.langbruck.at\/cs\/wp-json\/wp\/v2\/pages\/1009\/revisions\/1374"}],"wp:attachment":[{"href":"https:\/\/www.langbruck.at\/cs\/wp-json\/wp\/v2\/media?parent=1009"}],"curies":[{"name":"wp","href":"https:\/\/api.w.org\/{rel}","templated":true}]}}