{"id":1015,"date":"2015-08-11T08:46:50","date_gmt":"2015-08-11T08:46:50","guid":{"rendered":"http:\/\/langbruck.at.w01385b3.kasserver.com\/bio-bauernhofurlaub\/?lang=cs"},"modified":"2017-09-14T08:43:14","modified_gmt":"2017-09-14T08:43:14","slug":"bio-bauernhofurlaub","status":"publish","type":"page","link":"https:\/\/www.langbruck.at\/cs\/bio-bauernhofurlaub\/","title":{"rendered":"Bio-Bauernhofurlaub"},"content":{"rendered":"<div class=\"wpb-content-wrapper\"><p>[vc_row][vc_column][vc_column_text]<\/p>\n<h1>Urlaub am Bio-Bauernhof<\/h1>\n<h2>Bauernhofurlaub in Eben im Pongau, Salzburger Land<\/h2>\n<p>[\/vc_column_text][vc_single_image image=&#8220;99&#8243; img_size=&#8220;full&#8220;][\/vc_column][\/vc_row][vc_row][vc_column][vc_column_text]Es macht uns gro\u00dfe Freude im Einklang mit der Natur zu leben und unsere Hoftiere zu betreuen. Dankbar f\u00fcr das, was Felder und W\u00e4lder uns schenken, m\u00f6chten wir wertsch\u00e4tzend und nachhaltig mit der Natur umgehen. Aus diesem Grund f\u00fchren wir das <a href=\"https:\/\/www.langbruck.at\/\">Langbruckgut in Eben im Pongau<\/a> als Bio-Bauernhof und stellen\u00a0Produkte aus biologischer Landwirtschaft her. Wir sind Mitglied von Bio-Austria und mit dem AMA-Biosiegel\u00a0ausgezeichnet.\u00a0So k\u00f6nnen wir Ihnen\u00a0hohe Qualit\u00e4t\u00a0bieten.[\/vc_column_text][\/vc_column][\/vc_row][vc_row css=&#8220;.vc_custom_1441193277035{margin-bottom: 60px !important;}&#8220;][vc_column width=&#8220;1\/2&#8243;][vc_gallery interval=&#8220;3&#8243; images=&#8220;828,630,631,400,407&#8243; img_size=&#8220;medium&#8220;][\/vc_column][vc_column width=&#8220;1\/2&#8243;][vc_column_text]<\/p>\n<h3>Bei uns am Hof<\/h3>\n<p>[\/vc_column_text][vc_column_text]<\/p>\n<ul>\n<li>Bio-Milchviehbetrieb mit eigener Aufzucht<\/li>\n<li>Hofeigene Imkerei<\/li>\n<li>Hofeigene Schnapsdestillerie-Schnapsbrennerei<\/li>\n<li>Bio-Legehennen mit gro\u00dfem H\u00fchnerpark<\/li>\n<li>Schweine, Enten<\/li>\n<li>Streicheltiere:\u00a0Katzen und Hasen<\/li>\n<li>Hofeigene Biomasseheizung mit Warmwasserkollektoren<\/li>\n<li>Uriges Grillh\u00fctterl am Bach mit Grillm\u00f6glichkeit<\/li>\n<li>Gf\u00f6llalm, ca. 25 Wanderminuten vom Bio-Bauernhof entfernt<\/li>\n<\/ul>\n<p>[\/vc_column_text][\/vc_column][\/vc_row][vc_row el_class=&#8220;hintergrund&#8220;][vc_column width=&#8220;2\/3&#8243;][vc_column_text]<\/p>\n<h4>Hofeigene Produkte<\/h4>\n<p>[\/vc_column_text][vc_row_inner][vc_column_inner width=&#8220;1\/2&#8243;][vc_column_text]<\/p>\n<ul>\n<li>Bio-Eier<\/li>\n<li>Hausgemachte Marmelade<\/li>\n<li>Kuhmilch<\/li>\n<li>K\u00e4se aus eigener Bio-Milch<\/li>\n<\/ul>\n<p>[\/vc_column_text][\/vc_column_inner][vc_column_inner width=&#8220;1\/2&#8243;][vc_column_text]<\/p>\n<ul>\n<li>Honig von den eigenen Bienen<\/li>\n<li>Schn\u00e4pse<\/li>\n<li>uvm.<\/li>\n<\/ul>\n<p>[\/vc_column_text][\/vc_column_inner][\/vc_row_inner][vc_column_text]Gerne k\u00f6nnen Sie die Bio-Produkte auch f\u00fcr Zuhause erwerben.[\/vc_column_text][\/vc_column][vc_column width=&#8220;1\/3&#8243;][vc_single_image image=&#8220;646&#8243; img_size=&#8220;small&#8220; img_link_large=&#8220;yes&#8220;][\/vc_column][\/vc_row][vc_row][vc_column width=&#8220;1\/2&#8243;][vc_column_text]<span class=\"button-block\"><a href=\"https:\/\/www.langbruck.at\/cs\/hofeigene-alm\/\">Hofeigene Alm<\/a><\/span>[\/vc_column_text][\/vc_column][vc_column width=&#8220;1\/2&#8243;][vc_column_text]<span class=\"button-block\"><a href=\"https:\/\/www.langbruck.at\/cs\/tiere-spielplatz\/\">Tiere &amp; Spielplatz<\/a><\/span>[\/vc_column_text][\/vc_column][\/vc_row]<\/p>\n<\/div>","protected":false},"excerpt":{"rendered":"<p>[vc_row][vc_column][vc_column_text] Urlaub am Bio-Bauernhof Bauernhofurlaub in Eben im Pongau, Salzburger Land [\/vc_column_text][vc_single_image image=&#8220;99&#8243; img_size=&#8220;full&#8220;][\/vc_column][\/vc_row][vc_row][vc_column][vc_column_text]Es macht uns gro\u00dfe Freude im Einklang mit der Natur zu leben und unsere Hoftiere zu betreuen. Dankbar f\u00fcr das, was Felder und W\u00e4lder uns schenken, m\u00f6chten wir wertsch\u00e4tzend und nachhaltig mit der Natur umgehen. Aus diesem Grund f\u00fchren wir das Langbruckgut &hellip;<\/p>\n\n<p><a class=\"readmore btn btn-default btn-default btn-block\" href=\"https:\/\/www.langbruck.at\/cs\/bio-bauernhofurlaub\/\">Read More<\/a><\/p>","protected":false},"author":1,"featured_media":0,"parent":0,"menu_order":0,"comment_status":"closed","ping_status":"closed","template":"","meta":{"footnotes":""},"class_list":["post-1015","page","type-page","status-publish","hentry"],"yoast_head":"<!-- This site is optimized with the Yoast SEO plugin v27.3 - https:\/\/yoast.com\/product\/yoast-seo-wordpress\/ -->\n<title>Bauernhofurlaub - Langbruckgut, Eben i. P., Salzburger Land<\/title>\n<meta name=\"description\" content=\"Ein sch\u00f6ner Bauernhofurlaub im Salzburger Land erwartet Sie am Bio-Bauernhof Langbruckgut: viel Natur, ruhige Lage, Bio-Produkte, Streicheltiere,...\" \/>\n<meta name=\"robots\" content=\"index, follow, max-snippet:-1, max-image-preview:large, max-video-preview:-1\" \/>\n<link rel=\"canonical\" href=\"https:\/\/www.langbruck.at\/cs\/bio-bauernhofurlaub\/\" \/>\n<meta property=\"og:locale\" content=\"cs_CZ\" \/>\n<meta property=\"og:type\" content=\"article\" \/>\n<meta property=\"og:title\" content=\"Bauernhofurlaub - Langbruckgut, Eben i. P., Salzburger Land\" \/>\n<meta property=\"og:description\" content=\"Ein sch\u00f6ner Bauernhofurlaub im Salzburger Land erwartet Sie am Bio-Bauernhof Langbruckgut: viel Natur, ruhige Lage, Bio-Produkte, Streicheltiere,...\" \/>\n<meta property=\"og:url\" content=\"https:\/\/www.langbruck.at\/cs\/bio-bauernhofurlaub\/\" \/>\n<meta property=\"og:site_name\" content=\"Langbruckgut\" \/>\n<meta property=\"article:modified_time\" content=\"2017-09-14T08:43:14+00:00\" \/>\n<meta name=\"twitter:card\" content=\"summary_large_image\" \/>\n<meta name=\"twitter:label1\" content=\"Odhadovan\u00e1 doba \u010dten\u00ed\" \/>\n\t<meta name=\"twitter:data1\" content=\"2 minuty\" \/>\n<script type=\"application\/ld+json\" class=\"yoast-schema-graph\">{\"@context\":\"https:\\\/\\\/schema.org\",\"@graph\":[{\"@type\":\"WebPage\",\"@id\":\"https:\\\/\\\/www.langbruck.at\\\/cs\\\/bio-bauernhofurlaub\\\/\",\"url\":\"https:\\\/\\\/www.langbruck.at\\\/cs\\\/bio-bauernhofurlaub\\\/\",\"name\":\"Bauernhofurlaub - Langbruckgut, Eben i. P., Salzburger Land\",\"isPartOf\":{\"@id\":\"https:\\\/\\\/www.langbruck.at\\\/#website\"},\"datePublished\":\"2015-08-11T08:46:50+00:00\",\"dateModified\":\"2017-09-14T08:43:14+00:00\",\"description\":\"Ein sch\u00f6ner Bauernhofurlaub im Salzburger Land erwartet Sie am Bio-Bauernhof Langbruckgut: viel Natur, ruhige Lage, Bio-Produkte, Streicheltiere,...\",\"breadcrumb\":{\"@id\":\"https:\\\/\\\/www.langbruck.at\\\/cs\\\/bio-bauernhofurlaub\\\/#breadcrumb\"},\"inLanguage\":\"cs\",\"potentialAction\":[{\"@type\":\"ReadAction\",\"target\":[\"https:\\\/\\\/www.langbruck.at\\\/cs\\\/bio-bauernhofurlaub\\\/\"]}]},{\"@type\":\"BreadcrumbList\",\"@id\":\"https:\\\/\\\/www.langbruck.at\\\/cs\\\/bio-bauernhofurlaub\\\/#breadcrumb\",\"itemListElement\":[{\"@type\":\"ListItem\",\"position\":1,\"name\":\"Dom\u016f\",\"item\":\"https:\\\/\\\/www.langbruck.at\\\/cs\\\/\"},{\"@type\":\"ListItem\",\"position\":2,\"name\":\"Bio-Bauernhofurlaub\"}]},{\"@type\":\"WebSite\",\"@id\":\"https:\\\/\\\/www.langbruck.at\\\/#website\",\"url\":\"https:\\\/\\\/www.langbruck.at\\\/\",\"name\":\"Langbruckgut\",\"description\":\"Zimmer &amp; Ferienwohnungen in Eben\",\"potentialAction\":[{\"@type\":\"SearchAction\",\"target\":{\"@type\":\"EntryPoint\",\"urlTemplate\":\"https:\\\/\\\/www.langbruck.at\\\/?s={search_term_string}\"},\"query-input\":{\"@type\":\"PropertyValueSpecification\",\"valueRequired\":true,\"valueName\":\"search_term_string\"}}],\"inLanguage\":\"cs\"}]}<\/script>\n<!-- \/ Yoast SEO plugin. -->","yoast_head_json":{"title":"Bauernhofurlaub - Langbruckgut, Eben i. P., Salzburger Land","description":"Ein sch\u00f6ner Bauernhofurlaub im Salzburger Land erwartet Sie am Bio-Bauernhof Langbruckgut: viel Natur, ruhige Lage, Bio-Produkte, Streicheltiere,...","robots":{"index":"index","follow":"follow","max-snippet":"max-snippet:-1","max-image-preview":"max-image-preview:large","max-video-preview":"max-video-preview:-1"},"canonical":"https:\/\/www.langbruck.at\/cs\/bio-bauernhofurlaub\/","og_locale":"cs_CZ","og_type":"article","og_title":"Bauernhofurlaub - Langbruckgut, Eben i. P., Salzburger Land","og_description":"Ein sch\u00f6ner Bauernhofurlaub im Salzburger Land erwartet Sie am Bio-Bauernhof Langbruckgut: viel Natur, ruhige Lage, Bio-Produkte, Streicheltiere,...","og_url":"https:\/\/www.langbruck.at\/cs\/bio-bauernhofurlaub\/","og_site_name":"Langbruckgut","article_modified_time":"2017-09-14T08:43:14+00:00","twitter_card":"summary_large_image","twitter_misc":{"Odhadovan\u00e1 doba \u010dten\u00ed":"2 minuty"},"schema":{"@context":"https:\/\/schema.org","@graph":[{"@type":"WebPage","@id":"https:\/\/www.langbruck.at\/cs\/bio-bauernhofurlaub\/","url":"https:\/\/www.langbruck.at\/cs\/bio-bauernhofurlaub\/","name":"Bauernhofurlaub - Langbruckgut, Eben i. P., Salzburger Land","isPartOf":{"@id":"https:\/\/www.langbruck.at\/#website"},"datePublished":"2015-08-11T08:46:50+00:00","dateModified":"2017-09-14T08:43:14+00:00","description":"Ein sch\u00f6ner Bauernhofurlaub im Salzburger Land erwartet Sie am Bio-Bauernhof Langbruckgut: viel Natur, ruhige Lage, Bio-Produkte, Streicheltiere,...","breadcrumb":{"@id":"https:\/\/www.langbruck.at\/cs\/bio-bauernhofurlaub\/#breadcrumb"},"inLanguage":"cs","potentialAction":[{"@type":"ReadAction","target":["https:\/\/www.langbruck.at\/cs\/bio-bauernhofurlaub\/"]}]},{"@type":"BreadcrumbList","@id":"https:\/\/www.langbruck.at\/cs\/bio-bauernhofurlaub\/#breadcrumb","itemListElement":[{"@type":"ListItem","position":1,"name":"Dom\u016f","item":"https:\/\/www.langbruck.at\/cs\/"},{"@type":"ListItem","position":2,"name":"Bio-Bauernhofurlaub"}]},{"@type":"WebSite","@id":"https:\/\/www.langbruck.at\/#website","url":"https:\/\/www.langbruck.at\/","name":"Langbruckgut","description":"Zimmer &amp; Ferienwohnungen in Eben","potentialAction":[{"@type":"SearchAction","target":{"@type":"EntryPoint","urlTemplate":"https:\/\/www.langbruck.at\/?s={search_term_string}"},"query-input":{"@type":"PropertyValueSpecification","valueRequired":true,"valueName":"search_term_string"}}],"inLanguage":"cs"}]}},"_links":{"self":[{"href":"https:\/\/www.langbruck.at\/cs\/wp-json\/wp\/v2\/pages\/1015","targetHints":{"allow":["GET"]}}],"collection":[{"href":"https:\/\/www.langbruck.at\/cs\/wp-json\/wp\/v2\/pages"}],"about":[{"href":"https:\/\/www.langbruck.at\/cs\/wp-json\/wp\/v2\/types\/page"}],"author":[{"embeddable":true,"href":"https:\/\/www.langbruck.at\/cs\/wp-json\/wp\/v2\/users\/1"}],"replies":[{"embeddable":true,"href":"https:\/\/www.langbruck.at\/cs\/wp-json\/wp\/v2\/comments?post=1015"}],"version-history":[{"count":3,"href":"https:\/\/www.langbruck.at\/cs\/wp-json\/wp\/v2\/pages\/1015\/revisions"}],"predecessor-version":[{"id":1387,"href":"https:\/\/www.langbruck.at\/cs\/wp-json\/wp\/v2\/pages\/1015\/revisions\/1387"}],"wp:attachment":[{"href":"https:\/\/www.langbruck.at\/cs\/wp-json\/wp\/v2\/media?parent=1015"}],"curies":[{"name":"wp","href":"https:\/\/api.w.org\/{rel}","templated":true}]}}