{"id":1019,"date":"2015-08-11T08:46:27","date_gmt":"2015-08-11T08:46:27","guid":{"rendered":"http:\/\/langbruck.at.w01385b3.kasserver.com\/buchungsinformationen\/?lang=cs"},"modified":"2017-09-14T08:31:00","modified_gmt":"2017-09-14T08:31:00","slug":"buchungsinformationen","status":"publish","type":"page","link":"https:\/\/www.langbruck.at\/cs\/buchungsinformationen\/","title":{"rendered":"Buchungsinformationen"},"content":{"rendered":"<div class=\"wpb-content-wrapper\"><p>[vc_row][vc_column][vc_column_text]<\/p>\n<h1>Buchungsinformationen<\/h1>\n<h2>Wissenswertes f\u00fcr Ihren Aufenthalt\u00a0bei uns<\/h2>\n<p>[\/vc_column_text][vc_single_image image=&#8220;99&#8243; img_size=&#8220;large&#8220;][\/vc_column][\/vc_row][vc_row][vc_column width=&#8220;1\/2&#8243;][vc_column_text]<\/p>\n<h4>Langbruckgut-Inklusivleistungen<\/h4>\n<p><strong>Ferienwohnungen:<\/strong><\/p>\n<ul>\n<li>Bettw\u00e4sche<\/li>\n<li>Hand- und Badet\u00fccher<\/li>\n<li>Ess- und Kochgeschirr, Geschirrt\u00fccher<\/li>\n<li>Handseife, F\u00f6n<\/li>\n<li>Kostenloses W-Lan<\/li>\n<\/ul>\n<p>[\/vc_column_text][vc_column_text]<\/p>\n<h4>Internetzugang via W-Lan<\/h4>\n<p>Im gesamten Haus steht Ihnen Internetzugang via W-Lan kostenlos zur Verf\u00fcgung.[\/vc_column_text][vc_column_text]<\/p>\n<h4>Baby- &amp;\u00a0Kleinkindausstattung<\/h4>\n<p>F\u00fcr unsere kleinsten G\u00e4ste\u00a0bieten wir Gitterbetten, Kinderbettw\u00e4sche sowie Hochst\u00fchle an.[\/vc_column_text][vc_column_text]<\/p>\n<h4>Weitere Ausstattung<\/h4>\n<ul>\n<li>Garten mit gro\u00dfer Liegewiese, Grillm\u00f6glichkeit, Tisch und Sitzgelegenheiten<\/li>\n<li>Sonnenterrasse mit Liegen und Sonnenschirmen<\/li>\n<li>Hot-Pot (Benutzung\u00a0nach Absprache)<\/li>\n<li>Spielplatz<\/li>\n<li>Grillh\u00fctterl mit Grillm\u00f6glichkeit<\/li>\n<li>Fr\u00fchst\u00fccks-\/Aufenthaltsraum<\/li>\n<li>Radkeller<\/li>\n<li>Skiraum\/-keller<\/li>\n<li>Skischuhtrockner<\/li>\n<\/ul>\n<p>[\/vc_column_text][vc_column_text]<\/p>\n<h4>Hauseigener Verleih<\/h4>\n<p>Gerne verleihen wir Wanderst\u00f6cke, Schlitten und Schneeschuhe (nach Verf\u00fcgbarkeit) an unsere G\u00e4ste.[\/vc_column_text][vc_column_text]<\/p>\n<h4>Parkpl\u00e4tze<\/h4>\n<p>Direkt beim\u00a0<a href=\"https:\/\/www.langbruck.at\/\">Langbruckgut<\/a>\u00a0finden Sie ausreichend Parkpl\u00e4tze sowie Unterstellpl\u00e4tze f\u00fcr Motorr\u00e4der.[\/vc_column_text][vc_column_text]<\/p>\n<h4>Haustiere<\/h4>\n<p>Haustiere sind nach Absprache\u00a0erlaubt.[\/vc_column_text][vc_column_text]<\/p>\n<h4>An- und Abreise<\/h4>\n<p>Am Anreisetag sind\u00a0die Ferienwohnungen ab 14.00 Uhr bezugsfertig. Am Tag Ihrer\u00a0Abreise bitten wir Sie die Unterk\u00fcnfte\u00a0bis 10.00 Uhr freizugeben.[\/vc_column_text][\/vc_column][vc_column width=&#8220;1\/2&#8243; el_class=&#8220;abstand_l&#8220;][vc_column_text]<\/p>\n<h4>Rauchen<\/h4>\n<p>Wir sind ein Nichtraucherhaus. Vielen Dank f\u00fcr Ihr Verst\u00e4ndnis![\/vc_column_text][vc_column_text]<\/p>\n<h4>Ortstaxe<\/h4>\n<p>Die angegebenen Preise f\u00fcr Ferienwohnungen verstehen sich exklusive Ortstaxe (\u20ac 1,30 pro Person ab 15 Jahre pro Nacht).[\/vc_column_text][vc_column_text]<\/p>\n<h4>Kindererm\u00e4\u00dfigung<\/h4>\n<ul>\n<li>0 &#8211; 2 Jahre: gratis<\/li>\n<li>3 &#8211; 5 Jahre: 50%<\/li>\n<li>6 &#8211; 12 Jahre: 20%<\/li>\n<li>13 &#8211; 15 Jahre: 10%<\/li>\n<\/ul>\n<p>[\/vc_column_text][vc_column_text]<\/p>\n<h4>Endreinigung (Ferienwohnungen)<\/h4>\n<ul>\n<li>2 &#8211; 5 Personen: einmalig \u20ac 35,-<\/li>\n<li>ab 6 Personen: einmalig \u20ac 40,-<\/li>\n<\/ul>\n<p>[\/vc_column_text][vc_column_text]<\/p>\n<h4>Kurzn\u00e4chtigungszuschlag<\/h4>\n<p>Bei einem Aufenthalt bis 3 N\u00e4chte betr\u00e4gt der\u00a0Zuschlag \u20ac 3,- pro Person pro Nacht.[\/vc_column_text][vc_column_text]<\/p>\n<h4>Einzelzimmerzuschlag<\/h4>\n<p>Bei Einzelnutzung verrechnen wir zus\u00e4tzlich \u20ac 5,- pro Nacht.[\/vc_column_text][vc_column_text]<\/p>\n<h4>Zahlungsbedingungen<\/h4>\n<p>Um Ihre Reservierung zu fixieren, bitten wir Sie um eine Anzahlung auf unser Konto (die H\u00f6he der Anzahlung geben wir Ihnen pers\u00f6nlich bekannt). Erst dann erlangt Ihre Reservierung G\u00fcltigkeit. Den Restbetrag bezahlen Sie bitte am Vortag Ihrer Abreise in bar.<\/p>\n<p>&nbsp;<\/p>\n<ul>\n<li>IBAN:\u00a0AT83 3500 4000 0225 3466<\/li>\n<li>BIC:\u00a0RVSAAT2S004<\/li>\n<\/ul>\n<p>[\/vc_column_text][vc_column_text]<\/p>\n<h4>Stornobedingungen<\/h4>\n<p>Es gelten die Buchungsbedingungen gem\u00e4\u00df\u00a0dem <a href=\"https:\/\/www.langbruck.at\/wp-content\/uploads\/AGBH_061115.pdf\" target=\"_blank\">\u00d6sterreichischen Hotelreglement<\/a>.[\/vc_column_text][vc_column_text]<\/p>\n<h4>Sonstiges<\/h4>\n<p>Alle Preise in EURO. \u00c4nderungen und Irrt\u00fcmer vorbehalten.[\/vc_column_text][\/vc_column][\/vc_row][vc_row][vc_column width=&#8220;1\/3&#8243;][vc_column_text]<span class=\"button-block\"><a href=\"https:\/\/www.langbruck.at\/ferienwohnung-salzburger-land\/\">Ferienwohnungen<\/a><\/span>[\/vc_column_text][\/vc_column][vc_column width=&#8220;1\/3&#8243;][vc_column_text]<span class=\"button-block\"><a href=\"https:\/\/www.langbruck.at\/bio-bauernhofurlaub\/\">Bio-Bauernhof<\/a><\/span>[\/vc_column_text][\/vc_column][vc_column width=&#8220;1\/3&#8243;][vc_column_text]<span class=\"button-block\"><a href=\"https:\/\/www.langbruck.at\/anfrage\/\">Anfrage<\/a><\/span>[\/vc_column_text][\/vc_column][\/vc_row]<\/p>\n<\/div>","protected":false},"excerpt":{"rendered":"<p>[vc_row][vc_column][vc_column_text] Buchungsinformationen Wissenswertes f\u00fcr Ihren Aufenthalt\u00a0bei uns [\/vc_column_text][vc_single_image image=&#8220;99&#8243; img_size=&#8220;large&#8220;][\/vc_column][\/vc_row][vc_row][vc_column width=&#8220;1\/2&#8243;][vc_column_text] Langbruckgut-Inklusivleistungen Ferienwohnungen: Bettw\u00e4sche Hand- und Badet\u00fccher Ess- und Kochgeschirr, Geschirrt\u00fccher Handseife, F\u00f6n Kostenloses W-Lan [\/vc_column_text][vc_column_text] Internetzugang via W-Lan Im gesamten Haus steht Ihnen Internetzugang via W-Lan kostenlos zur Verf\u00fcgung.[\/vc_column_text][vc_column_text] Baby- &amp;\u00a0Kleinkindausstattung F\u00fcr unsere kleinsten G\u00e4ste\u00a0bieten wir Gitterbetten, Kinderbettw\u00e4sche sowie Hochst\u00fchle an.[\/vc_column_text][vc_column_text] Weitere Ausstattung Garten &hellip;<\/p>\n\n<p><a class=\"readmore btn btn-default btn-default btn-block\" href=\"https:\/\/www.langbruck.at\/cs\/buchungsinformationen\/\">Read More<\/a><\/p>","protected":false},"author":1,"featured_media":0,"parent":0,"menu_order":0,"comment_status":"closed","ping_status":"closed","template":"","meta":{"footnotes":""},"class_list":["post-1019","page","type-page","status-publish","hentry"],"yoast_head":"<!-- This site is optimized with the Yoast SEO plugin v27.5 - https:\/\/yoast.com\/product\/yoast-seo-wordpress\/ -->\n<title>Buchungsinformationen - Bauernhof Langbruckgut, Eben i. P.<\/title>\n<meta name=\"description\" content=\"In den Buchungsinformationen finden Sie Wissenswertes f\u00fcr Ihren Sommer- &amp; Winterurlaub in Eben i. P., Salzburger Land: Parkpl\u00e4tze, weitere Ausstattung,...\" \/>\n<meta name=\"robots\" content=\"index, follow, max-snippet:-1, max-image-preview:large, max-video-preview:-1\" \/>\n<link rel=\"canonical\" href=\"https:\/\/www.langbruck.at\/cs\/buchungsinformationen\/\" \/>\n<meta property=\"og:locale\" content=\"cs_CZ\" \/>\n<meta property=\"og:type\" content=\"article\" \/>\n<meta property=\"og:title\" content=\"Buchungsinformationen - Bauernhof Langbruckgut, Eben i. P.\" \/>\n<meta property=\"og:description\" content=\"In den Buchungsinformationen finden Sie Wissenswertes f\u00fcr Ihren Sommer- &amp; Winterurlaub in Eben i. P., Salzburger Land: Parkpl\u00e4tze, weitere Ausstattung,...\" \/>\n<meta property=\"og:url\" content=\"https:\/\/www.langbruck.at\/cs\/buchungsinformationen\/\" \/>\n<meta property=\"og:site_name\" content=\"Langbruckgut\" \/>\n<meta property=\"article:modified_time\" content=\"2017-09-14T08:31:00+00:00\" \/>\n<meta name=\"twitter:card\" content=\"summary_large_image\" \/>\n<meta name=\"twitter:label1\" content=\"Odhadovan\u00e1 doba \u010dten\u00ed\" \/>\n\t<meta name=\"twitter:data1\" content=\"2 minuty\" \/>\n<script type=\"application\/ld+json\" class=\"yoast-schema-graph\">{\"@context\":\"https:\\\/\\\/schema.org\",\"@graph\":[{\"@type\":\"WebPage\",\"@id\":\"https:\\\/\\\/www.langbruck.at\\\/cs\\\/buchungsinformationen\\\/\",\"url\":\"https:\\\/\\\/www.langbruck.at\\\/cs\\\/buchungsinformationen\\\/\",\"name\":\"Buchungsinformationen - Bauernhof Langbruckgut, Eben i. P.\",\"isPartOf\":{\"@id\":\"https:\\\/\\\/www.langbruck.at\\\/#website\"},\"datePublished\":\"2015-08-11T08:46:27+00:00\",\"dateModified\":\"2017-09-14T08:31:00+00:00\",\"description\":\"In den Buchungsinformationen finden Sie Wissenswertes f\u00fcr Ihren Sommer- & Winterurlaub in Eben i. P., Salzburger Land: Parkpl\u00e4tze, weitere Ausstattung,...\",\"breadcrumb\":{\"@id\":\"https:\\\/\\\/www.langbruck.at\\\/cs\\\/buchungsinformationen\\\/#breadcrumb\"},\"inLanguage\":\"cs\",\"potentialAction\":[{\"@type\":\"ReadAction\",\"target\":[\"https:\\\/\\\/www.langbruck.at\\\/cs\\\/buchungsinformationen\\\/\"]}]},{\"@type\":\"BreadcrumbList\",\"@id\":\"https:\\\/\\\/www.langbruck.at\\\/cs\\\/buchungsinformationen\\\/#breadcrumb\",\"itemListElement\":[{\"@type\":\"ListItem\",\"position\":1,\"name\":\"Dom\u016f\",\"item\":\"https:\\\/\\\/www.langbruck.at\\\/cs\\\/\"},{\"@type\":\"ListItem\",\"position\":2,\"name\":\"Buchungsinformationen\"}]},{\"@type\":\"WebSite\",\"@id\":\"https:\\\/\\\/www.langbruck.at\\\/#website\",\"url\":\"https:\\\/\\\/www.langbruck.at\\\/\",\"name\":\"Langbruckgut\",\"description\":\"Zimmer &amp; Ferienwohnungen in Eben\",\"potentialAction\":[{\"@type\":\"SearchAction\",\"target\":{\"@type\":\"EntryPoint\",\"urlTemplate\":\"https:\\\/\\\/www.langbruck.at\\\/?s={search_term_string}\"},\"query-input\":{\"@type\":\"PropertyValueSpecification\",\"valueRequired\":true,\"valueName\":\"search_term_string\"}}],\"inLanguage\":\"cs\"}]}<\/script>\n<!-- \/ Yoast SEO plugin. -->","yoast_head_json":{"title":"Buchungsinformationen - Bauernhof Langbruckgut, Eben i. P.","description":"In den Buchungsinformationen finden Sie Wissenswertes f\u00fcr Ihren Sommer- & Winterurlaub in Eben i. P., Salzburger Land: Parkpl\u00e4tze, weitere Ausstattung,...","robots":{"index":"index","follow":"follow","max-snippet":"max-snippet:-1","max-image-preview":"max-image-preview:large","max-video-preview":"max-video-preview:-1"},"canonical":"https:\/\/www.langbruck.at\/cs\/buchungsinformationen\/","og_locale":"cs_CZ","og_type":"article","og_title":"Buchungsinformationen - Bauernhof Langbruckgut, Eben i. P.","og_description":"In den Buchungsinformationen finden Sie Wissenswertes f\u00fcr Ihren Sommer- & Winterurlaub in Eben i. P., Salzburger Land: Parkpl\u00e4tze, weitere Ausstattung,...","og_url":"https:\/\/www.langbruck.at\/cs\/buchungsinformationen\/","og_site_name":"Langbruckgut","article_modified_time":"2017-09-14T08:31:00+00:00","twitter_card":"summary_large_image","twitter_misc":{"Odhadovan\u00e1 doba \u010dten\u00ed":"2 minuty"},"schema":{"@context":"https:\/\/schema.org","@graph":[{"@type":"WebPage","@id":"https:\/\/www.langbruck.at\/cs\/buchungsinformationen\/","url":"https:\/\/www.langbruck.at\/cs\/buchungsinformationen\/","name":"Buchungsinformationen - Bauernhof Langbruckgut, Eben i. P.","isPartOf":{"@id":"https:\/\/www.langbruck.at\/#website"},"datePublished":"2015-08-11T08:46:27+00:00","dateModified":"2017-09-14T08:31:00+00:00","description":"In den Buchungsinformationen finden Sie Wissenswertes f\u00fcr Ihren Sommer- & Winterurlaub in Eben i. P., Salzburger Land: Parkpl\u00e4tze, weitere Ausstattung,...","breadcrumb":{"@id":"https:\/\/www.langbruck.at\/cs\/buchungsinformationen\/#breadcrumb"},"inLanguage":"cs","potentialAction":[{"@type":"ReadAction","target":["https:\/\/www.langbruck.at\/cs\/buchungsinformationen\/"]}]},{"@type":"BreadcrumbList","@id":"https:\/\/www.langbruck.at\/cs\/buchungsinformationen\/#breadcrumb","itemListElement":[{"@type":"ListItem","position":1,"name":"Dom\u016f","item":"https:\/\/www.langbruck.at\/cs\/"},{"@type":"ListItem","position":2,"name":"Buchungsinformationen"}]},{"@type":"WebSite","@id":"https:\/\/www.langbruck.at\/#website","url":"https:\/\/www.langbruck.at\/","name":"Langbruckgut","description":"Zimmer &amp; Ferienwohnungen in Eben","potentialAction":[{"@type":"SearchAction","target":{"@type":"EntryPoint","urlTemplate":"https:\/\/www.langbruck.at\/?s={search_term_string}"},"query-input":{"@type":"PropertyValueSpecification","valueRequired":true,"valueName":"search_term_string"}}],"inLanguage":"cs"}]}},"_links":{"self":[{"href":"https:\/\/www.langbruck.at\/cs\/wp-json\/wp\/v2\/pages\/1019","targetHints":{"allow":["GET"]}}],"collection":[{"href":"https:\/\/www.langbruck.at\/cs\/wp-json\/wp\/v2\/pages"}],"about":[{"href":"https:\/\/www.langbruck.at\/cs\/wp-json\/wp\/v2\/types\/page"}],"author":[{"embeddable":true,"href":"https:\/\/www.langbruck.at\/cs\/wp-json\/wp\/v2\/users\/1"}],"replies":[{"embeddable":true,"href":"https:\/\/www.langbruck.at\/cs\/wp-json\/wp\/v2\/comments?post=1019"}],"version-history":[{"count":4,"href":"https:\/\/www.langbruck.at\/cs\/wp-json\/wp\/v2\/pages\/1019\/revisions"}],"predecessor-version":[{"id":1382,"href":"https:\/\/www.langbruck.at\/cs\/wp-json\/wp\/v2\/pages\/1019\/revisions\/1382"}],"wp:attachment":[{"href":"https:\/\/www.langbruck.at\/cs\/wp-json\/wp\/v2\/media?parent=1019"}],"curies":[{"name":"wp","href":"https:\/\/api.w.org\/{rel}","templated":true}]}}