{"id":987,"date":"2015-09-09T08:49:38","date_gmt":"2015-09-09T08:49:38","guid":{"rendered":"http:\/\/langbruck.at.w01385b3.kasserver.com\/ihre-gastgeber\/?lang=cs"},"modified":"2017-09-14T08:46:11","modified_gmt":"2017-09-14T08:46:11","slug":"ihre-gastgeber","status":"publish","type":"page","link":"https:\/\/www.langbruck.at\/cs\/ihre-gastgeber\/","title":{"rendered":"Ihre Gastgeber"},"content":{"rendered":"<div class=\"wpb-content-wrapper\"><p>[vc_row][vc_column][vc_column_text]<\/p>\n<h1>Ihre Gastgeber<\/h1>\n<h2>Famili\u00e4re Atmosph\u00e4re am Langbruckgut<\/h2>\n<p>[\/vc_column_text][vc_single_image image=&#8220;99&#8243; img_size=&#8220;full&#8220;][\/vc_column][\/vc_row][vc_row][vc_column width=&#8220;1\/2&#8243;][vc_single_image image=&#8220;956&#8243; img_size=&#8220;medium&#8220; onclick=&#8220;link_image&#8220;][\/vc_column][vc_column width=&#8220;1\/2&#8243;][vc_single_image image=&#8220;954&#8243; img_size=&#8220;medium&#8220; onclick=&#8220;link_image&#8220;][\/vc_column][\/vc_row][vc_row][vc_column][vc_column_text]<\/p>\n<h3>Hans-Peter<\/h3>\n<p>[\/vc_column_text][vc_column_text]Hans-Peter wuchs mit seinen 3 Geschwistern auf dem Bio-Bauernhof auf und entdeckte somit schon sehr fr\u00fch seine Liebe zu den Tieren und zur Natur. Sein Hobby ist die Imkerei. Er hegt und pflegt seine Bienen liebevoll, damit er die G\u00e4ste mit selbstgemachtem Honig verw\u00f6hnen kann. Aber auch den anderen Tieren am Hof widmet Hans-Peter viel Aufmerksamkeit. Er k\u00fcmmert sich um s\u00e4mtliche landwirtschaftliche Arbeiten, die Stallarbeit, sowie die Arbeit im Wald. Diese Leidenschaft hat er auch zu seinem Beruf gemacht \u2013 neben der Arbeit auf dem Hof ist Hans-Peter noch in einer Tischlerei als Tischlermeister t\u00e4tig.[\/vc_column_text][\/vc_column][\/vc_row][vc_row][vc_column][vc_column_text]<\/p>\n<h3>Maria<\/h3>\n<p>[\/vc_column_text][vc_column_text]Seit 2009 lebt Maria auf dem Bio-Bauernhof Langbruckgut, seit 2010 ist sie mit Hans-Peter verheiratet. Vor der Geburt ihrer Tochter Lara-Marie hat Maria die Handelsakademie besucht und die Matura gemacht. Anschlie\u00dfend arbeitete sie im B\u00fcro. Nun k\u00fcmmert sie sich um die Vermietung und um das leibliche Wohl der G\u00e4ste. Seit Juli 2015 vervollst\u00e4ndigt ihr Sohn Julius das Familiengl\u00fcck. An ihrem neuen Beruf sch\u00e4tzt Maria besonders die Abwechslung und die vielen Menschen, mit denen sie zu tun hat. Dar\u00fcber hinaus versucht sie ihren G\u00e4sten die sch\u00f6nste Zeit des Jahres so angenehm wie m\u00f6glich zu gestalten.\u00a0Lara-Marie und Julius freuen sich darauf, viele neue Spielgef\u00e4hrten kennen zu lernen und sie in die kleinen und gro\u00dfen Geheimnisse des Hofes einzuweihen.[\/vc_column_text][\/vc_column][\/vc_row][vc_row][vc_column][vc_column_text]<\/p>\n<h3>Resi<\/h3>\n<p>[\/vc_column_text][vc_column_text]Als liebevolle Oma k\u00fcmmert sich Resi vor allem um den Garten und pflegt die Blumen rund um den Bio-Bauernhof mit Leidenschaft. Resi ist die richtige Ansprechpartnerin, wenn es um Ausk\u00fcnfte \u00fcber Wanderungen oder Ausfl\u00fcge geht \u2013 so wird der Urlaub zu einem noch unvergesslicheren Erlebnis. Gemeinsam mit Maria k\u00fcmmert sie sich gerne um die Vermietung und das leibliche Wohl der G\u00e4ste. Au\u00dferdem unterst\u00fctzt Resi ihren Mann Hans und ihren Sohn Hans-Peter bei der Stallarbeit \u2013 sie ist sozusagen der \u201egute Geist\u201c des Hauses.[\/vc_column_text][\/vc_column][\/vc_row][vc_row][vc_column][vc_column_text]<\/p>\n<h3>Hans<\/h3>\n<p>[\/vc_column_text][vc_column_text]Hans k\u00fcmmert sich gemeinsam mit seinem Sohn Hans-Peter um s\u00e4mtliche landwirtschaftliche Arbeiten. Durch sein handwerkliches Geschick erledigt er alle anfallenden Reparaturen im und ums Haus. Dar\u00fcber hinaus sind die Obstb\u00e4ume seine Leidenschaft \u2013 um diese k\u00fcmmert er sich mit Hingabe. Nicht zuletzt um im Herbst eine gute Ernte einzufahren und seinem gro\u00dfen Hobby der Schnapsbrennerei nachkommen zu k\u00f6nnen. Gelegentlich kann dann auch der eine oder andere edle Tropfen verkostet werden, was in geselliger Runde doppelt so viel Freude macht.[\/vc_column_text][\/vc_column][\/vc_row][vc_row][vc_column width=&#8220;1\/3&#8243;][vc_column_text]<span class=\"button-block\"><a href=\"https:\/\/www.langbruck.at\/cs\/chronik\/\">Chronik<\/a><\/span>[\/vc_column_text][\/vc_column][vc_column width=&#8220;1\/3&#8243;][vc_column_text]<span class=\"button-block\"><a href=\"https:\/\/www.langbruck.at\/bio-bauernhofurlaub\/\">Bio-Bauernhofurlaub<\/a><\/span>[\/vc_column_text][\/vc_column][vc_column width=&#8220;1\/3&#8243;][vc_column_text]<span class=\"button-block\"><a href=\"https:\/\/www.langbruck.at\/cs\/ferienwohnung-salzburger-land\/\">Ferienwohnungen<\/a><\/span>[\/vc_column_text][\/vc_column][\/vc_row]<\/p>\n<\/div>","protected":false},"excerpt":{"rendered":"<p>[vc_row][vc_column][vc_column_text] Ihre Gastgeber Famili\u00e4re Atmosph\u00e4re am Langbruckgut [\/vc_column_text][vc_single_image image=&#8220;99&#8243; img_size=&#8220;full&#8220;][\/vc_column][\/vc_row][vc_row][vc_column width=&#8220;1\/2&#8243;][vc_single_image image=&#8220;956&#8243; img_size=&#8220;medium&#8220; onclick=&#8220;link_image&#8220;][\/vc_column][vc_column width=&#8220;1\/2&#8243;][vc_single_image image=&#8220;954&#8243; img_size=&#8220;medium&#8220; onclick=&#8220;link_image&#8220;][\/vc_column][\/vc_row][vc_row][vc_column][vc_column_text] Hans-Peter [\/vc_column_text][vc_column_text]Hans-Peter wuchs mit seinen 3 Geschwistern auf dem Bio-Bauernhof auf und entdeckte somit schon sehr fr\u00fch seine Liebe zu den Tieren und zur Natur. Sein Hobby ist die Imkerei. Er hegt und pflegt seine Bienen liebevoll, &hellip;<\/p>\n\n<p><a class=\"readmore btn btn-default btn-default btn-block\" href=\"https:\/\/www.langbruck.at\/cs\/ihre-gastgeber\/\">Read More<\/a><\/p>","protected":false},"author":1,"featured_media":0,"parent":0,"menu_order":0,"comment_status":"closed","ping_status":"closed","template":"","meta":{"footnotes":""},"class_list":["post-987","page","type-page","status-publish","hentry"],"yoast_head":"<!-- This site is optimized with the Yoast SEO plugin v27.5 - https:\/\/yoast.com\/product\/yoast-seo-wordpress\/ -->\n<title>Ihre Gastgeber - Langbruckgut<\/title>\n<meta name=\"robots\" content=\"index, follow, max-snippet:-1, max-image-preview:large, max-video-preview:-1\" \/>\n<link rel=\"canonical\" href=\"https:\/\/www.langbruck.at\/cs\/ihre-gastgeber\/\" \/>\n<meta property=\"og:locale\" content=\"cs_CZ\" \/>\n<meta property=\"og:type\" content=\"article\" \/>\n<meta property=\"og:title\" content=\"Ihre Gastgeber - Langbruckgut\" \/>\n<meta property=\"og:description\" content=\"[vc_row][vc_column][vc_column_text] Ihre Gastgeber Famili\u00e4re Atmosph\u00e4re am Langbruckgut [\/vc_column_text][vc_single_image image=&#8220;99&#8243; img_size=&#8220;full&#8220;][\/vc_column][\/vc_row][vc_row][vc_column width=&#8220;1\/2&#8243;][vc_single_image image=&#8220;956&#8243; img_size=&#8220;medium&#8220; onclick=&#8220;link_image&#8220;][\/vc_column][vc_column width=&#8220;1\/2&#8243;][vc_single_image image=&#8220;954&#8243; img_size=&#8220;medium&#8220; onclick=&#8220;link_image&#8220;][\/vc_column][\/vc_row][vc_row][vc_column][vc_column_text] Hans-Peter [\/vc_column_text][vc_column_text]Hans-Peter wuchs mit seinen 3 Geschwistern auf dem Bio-Bauernhof auf und entdeckte somit schon sehr fr\u00fch seine Liebe zu den Tieren und zur Natur. Sein Hobby ist die Imkerei. Er hegt und pflegt seine Bienen liebevoll, &hellip;\" \/>\n<meta property=\"og:url\" content=\"https:\/\/www.langbruck.at\/cs\/ihre-gastgeber\/\" \/>\n<meta property=\"og:site_name\" content=\"Langbruckgut\" \/>\n<meta property=\"article:modified_time\" content=\"2017-09-14T08:46:11+00:00\" \/>\n<meta name=\"twitter:card\" content=\"summary_large_image\" \/>\n<meta name=\"twitter:label1\" content=\"Odhadovan\u00e1 doba \u010dten\u00ed\" \/>\n\t<meta name=\"twitter:data1\" content=\"3 minuty\" \/>\n<script type=\"application\/ld+json\" class=\"yoast-schema-graph\">{\"@context\":\"https:\\\/\\\/schema.org\",\"@graph\":[{\"@type\":\"WebPage\",\"@id\":\"https:\\\/\\\/www.langbruck.at\\\/cs\\\/ihre-gastgeber\\\/\",\"url\":\"https:\\\/\\\/www.langbruck.at\\\/cs\\\/ihre-gastgeber\\\/\",\"name\":\"Ihre Gastgeber - Langbruckgut\",\"isPartOf\":{\"@id\":\"https:\\\/\\\/www.langbruck.at\\\/#website\"},\"datePublished\":\"2015-09-09T08:49:38+00:00\",\"dateModified\":\"2017-09-14T08:46:11+00:00\",\"breadcrumb\":{\"@id\":\"https:\\\/\\\/www.langbruck.at\\\/cs\\\/ihre-gastgeber\\\/#breadcrumb\"},\"inLanguage\":\"cs\",\"potentialAction\":[{\"@type\":\"ReadAction\",\"target\":[\"https:\\\/\\\/www.langbruck.at\\\/cs\\\/ihre-gastgeber\\\/\"]}]},{\"@type\":\"BreadcrumbList\",\"@id\":\"https:\\\/\\\/www.langbruck.at\\\/cs\\\/ihre-gastgeber\\\/#breadcrumb\",\"itemListElement\":[{\"@type\":\"ListItem\",\"position\":1,\"name\":\"Dom\u016f\",\"item\":\"https:\\\/\\\/www.langbruck.at\\\/cs\\\/\"},{\"@type\":\"ListItem\",\"position\":2,\"name\":\"Ihre Gastgeber\"}]},{\"@type\":\"WebSite\",\"@id\":\"https:\\\/\\\/www.langbruck.at\\\/#website\",\"url\":\"https:\\\/\\\/www.langbruck.at\\\/\",\"name\":\"Langbruckgut\",\"description\":\"Zimmer &amp; Ferienwohnungen in Eben\",\"potentialAction\":[{\"@type\":\"SearchAction\",\"target\":{\"@type\":\"EntryPoint\",\"urlTemplate\":\"https:\\\/\\\/www.langbruck.at\\\/?s={search_term_string}\"},\"query-input\":{\"@type\":\"PropertyValueSpecification\",\"valueRequired\":true,\"valueName\":\"search_term_string\"}}],\"inLanguage\":\"cs\"}]}<\/script>\n<!-- \/ Yoast SEO plugin. -->","yoast_head_json":{"title":"Ihre Gastgeber - Langbruckgut","robots":{"index":"index","follow":"follow","max-snippet":"max-snippet:-1","max-image-preview":"max-image-preview:large","max-video-preview":"max-video-preview:-1"},"canonical":"https:\/\/www.langbruck.at\/cs\/ihre-gastgeber\/","og_locale":"cs_CZ","og_type":"article","og_title":"Ihre Gastgeber - Langbruckgut","og_description":"[vc_row][vc_column][vc_column_text] Ihre Gastgeber Famili\u00e4re Atmosph\u00e4re am Langbruckgut [\/vc_column_text][vc_single_image image=&#8220;99&#8243; img_size=&#8220;full&#8220;][\/vc_column][\/vc_row][vc_row][vc_column width=&#8220;1\/2&#8243;][vc_single_image image=&#8220;956&#8243; img_size=&#8220;medium&#8220; onclick=&#8220;link_image&#8220;][\/vc_column][vc_column width=&#8220;1\/2&#8243;][vc_single_image image=&#8220;954&#8243; img_size=&#8220;medium&#8220; onclick=&#8220;link_image&#8220;][\/vc_column][\/vc_row][vc_row][vc_column][vc_column_text] Hans-Peter [\/vc_column_text][vc_column_text]Hans-Peter wuchs mit seinen 3 Geschwistern auf dem Bio-Bauernhof auf und entdeckte somit schon sehr fr\u00fch seine Liebe zu den Tieren und zur Natur. Sein Hobby ist die Imkerei. Er hegt und pflegt seine Bienen liebevoll, &hellip;","og_url":"https:\/\/www.langbruck.at\/cs\/ihre-gastgeber\/","og_site_name":"Langbruckgut","article_modified_time":"2017-09-14T08:46:11+00:00","twitter_card":"summary_large_image","twitter_misc":{"Odhadovan\u00e1 doba \u010dten\u00ed":"3 minuty"},"schema":{"@context":"https:\/\/schema.org","@graph":[{"@type":"WebPage","@id":"https:\/\/www.langbruck.at\/cs\/ihre-gastgeber\/","url":"https:\/\/www.langbruck.at\/cs\/ihre-gastgeber\/","name":"Ihre Gastgeber - Langbruckgut","isPartOf":{"@id":"https:\/\/www.langbruck.at\/#website"},"datePublished":"2015-09-09T08:49:38+00:00","dateModified":"2017-09-14T08:46:11+00:00","breadcrumb":{"@id":"https:\/\/www.langbruck.at\/cs\/ihre-gastgeber\/#breadcrumb"},"inLanguage":"cs","potentialAction":[{"@type":"ReadAction","target":["https:\/\/www.langbruck.at\/cs\/ihre-gastgeber\/"]}]},{"@type":"BreadcrumbList","@id":"https:\/\/www.langbruck.at\/cs\/ihre-gastgeber\/#breadcrumb","itemListElement":[{"@type":"ListItem","position":1,"name":"Dom\u016f","item":"https:\/\/www.langbruck.at\/cs\/"},{"@type":"ListItem","position":2,"name":"Ihre Gastgeber"}]},{"@type":"WebSite","@id":"https:\/\/www.langbruck.at\/#website","url":"https:\/\/www.langbruck.at\/","name":"Langbruckgut","description":"Zimmer &amp; Ferienwohnungen in Eben","potentialAction":[{"@type":"SearchAction","target":{"@type":"EntryPoint","urlTemplate":"https:\/\/www.langbruck.at\/?s={search_term_string}"},"query-input":{"@type":"PropertyValueSpecification","valueRequired":true,"valueName":"search_term_string"}}],"inLanguage":"cs"}]}},"_links":{"self":[{"href":"https:\/\/www.langbruck.at\/cs\/wp-json\/wp\/v2\/pages\/987","targetHints":{"allow":["GET"]}}],"collection":[{"href":"https:\/\/www.langbruck.at\/cs\/wp-json\/wp\/v2\/pages"}],"about":[{"href":"https:\/\/www.langbruck.at\/cs\/wp-json\/wp\/v2\/types\/page"}],"author":[{"embeddable":true,"href":"https:\/\/www.langbruck.at\/cs\/wp-json\/wp\/v2\/users\/1"}],"replies":[{"embeddable":true,"href":"https:\/\/www.langbruck.at\/cs\/wp-json\/wp\/v2\/comments?post=987"}],"version-history":[{"count":4,"href":"https:\/\/www.langbruck.at\/cs\/wp-json\/wp\/v2\/pages\/987\/revisions"}],"predecessor-version":[{"id":1391,"href":"https:\/\/www.langbruck.at\/cs\/wp-json\/wp\/v2\/pages\/987\/revisions\/1391"}],"wp:attachment":[{"href":"https:\/\/www.langbruck.at\/cs\/wp-json\/wp\/v2\/media?parent=987"}],"curies":[{"name":"wp","href":"https:\/\/api.w.org\/{rel}","templated":true}]}}