{"id":993,"date":"2015-08-11T09:45:19","date_gmt":"2015-08-11T09:45:19","guid":{"rendered":"http:\/\/langbruck.at.w01385b3.kasserver.com\/sample-page\/?lang=cs"},"modified":"2017-09-14T08:08:08","modified_gmt":"2017-09-14T08:08:08","slug":"sample-page","status":"publish","type":"page","link":"https:\/\/www.langbruck.at\/cs\/","title":{"rendered":"Home"},"content":{"rendered":"<div class=\"wpb-content-wrapper\"><p>[vc_row][vc_column][vc_column_text]<\/p>\n<h1>Bio-Bauernhof in Eben im Pongau<\/h1>\n<h2>Urlaub auf dem Bauernhof im Salzburger Land<\/h2>\n<p>[\/vc_column_text][\/vc_column][\/vc_row][vc_row][vc_column][vc_single_image image=&#8220;99&#8243; img_size=&#8220;full&#8220;][\/vc_column][\/vc_row][vc_row][vc_column width=&#8220;1\/2&#8243;][vc_column_text]<\/p>\n<h3>Sommer- &amp; Winterurlaub in der Natur<\/h3>\n<p>[\/vc_column_text][vc_column_text]Die gem\u00fctlichen\u00a0<a href=\"https:\/\/www.langbruck.at\/cs\/ferienwohnung-salzburger-land\/\">Ferienwohnungen<\/a> in Eben im Pongau laden Sie zu einem sch\u00f6nen <a href=\"https:\/\/www.langbruck.at\/cs\/sommerurlaub-salzburger-land\/\">Sommer-<\/a> und <a href=\"https:\/\/www.langbruck.at\/cs\/winterurlaub-salzburger-land\/\">Winterurlaub<\/a> ein. Unser\u00a0familienfreundlicher\u00a0<a href=\"https:\/\/www.langbruck.at\/cs\/bio-bauernhofurlaub\/\">Bio-Bauernhof<\/a> befindet sich in sonniger, ruhiger Lage, ca. 2 km vom Ortskern\u00a0Eben entfernt. Durch die\u00a0Alleinlage am Waldrand urlauben Sie mitten in der Natur: viel Platz\u00a0zum <a href=\"https:\/\/www.langbruck.at\/cs\/tiere-spielplatz\/\">Spielen<\/a>, Genie\u00dfen, sowie Ausgangspunkt f\u00fcr Wanderungen, Mountainbike-Ausfl\u00fcge und Schneeschuh-Touren.<\/p>\n<p>Lassen Sie sich auch die\u00a0<a href=\"https:\/\/www.langbruck.at\/cs\/bio-bauernhofurlaub\/\">hofeigenen Bio-Produkte<\/a> schmecken und lernen Sie unsere <a href=\"https:\/\/www.langbruck.at\/cs\/tiere-spielplatz\/\">Tiere<\/a> kennen.[\/vc_column_text][\/vc_column][vc_column width=&#8220;1\/2&#8243;][vc_single_image image=&#8220;94&#8243; img_size=&#8220;medium&#8220; img_link_large=&#8220;yes&#8220;][\/vc_column][\/vc_row][vc_row][vc_column width=&#8220;1\/2&#8243; el_class=&#8220;box-1&#8243;]<div class=\"ult-new-ib ult-ib-effect-style15  ult-ib-resp  \" data-min-width=\"768\" data-max-width=\"900\" style=\"\" data-opacity=\"1\" data-hover-opacity=\"1\" ><img decoding=\"async\" class=\"ult-new-ib-img\" style=\"opacity:1;\" alt=\"Ferienwohnungen - Eben im Pongau, Salzburger Land\" src=\"https:\/\/www.langbruck.at\/wp-content\/uploads\/ferienwohnung-eben-salzburger-land-langbruckgut-1.jpg\"   \/><div id=\"interactive-banner-wrap-1066\" class=\"ult-new-ib-desc\" style=\"\"><h2 class=\"ult-new-ib-title ult-responsive\"  data-ultimate-target='#interactive-banner-wrap-1066 .ult-new-ib-title'  data-responsive-json-new='{\"font-size\":\"\",\"line-height\":\"\"}'  style=\"font-weight:normal;\">Ferienwohnungen<\/h2><\/div><a class=\"ult-new-ib-link\" href=\"http:\/\/langbruck.at.w01385b3.kasserver.com\/ferienwohnung-salzburger-land\/\"  ><\/a><\/div>[vc_column_text el_class=&#8220;hintergrund-box&#8220; css=&#8220;.vc_custom_1441184730908{margin-bottom: 0px !important;}&#8220;]Neu ausgestattete Ferienwohnungen f\u00fcr 2 &#8211; 6 Personen: hochwertige Vollholzm\u00f6bel, komplette K\u00fcche, gro\u00dfteils Balkon,&#8230;[\/vc_column_text][vc_column_text]<span class=\"button-block\"><a href=\"https:\/\/www.langbruck.at\/cs\/ferienwohnung-salzburger-land\/\">Herrlich Entspannen<\/a><\/span>[\/vc_column_text][\/vc_column][vc_column width=&#8220;1\/2&#8243; el_class=&#8220;box-2&#8243;]<div class=\"ult-new-ib ult-ib-effect-style15  ult-ib-resp  \" data-min-width=\"768\" data-max-width=\"900\" style=\"\" data-opacity=\"1\" data-hover-opacity=\"1\" ><img decoding=\"async\" class=\"ult-new-ib-img\" style=\"opacity:1;\" alt=\"Spielplatz &amp; Tiere am Bio-Bauernhof in Eben im Pongau\" src=\"https:\/\/www.langbruck.at\/wp-content\/uploads\/spielplatz-tiere-langbruckgut-eben-1.jpg\"   \/><div id=\"interactive-banner-wrap-3047\" class=\"ult-new-ib-desc\" style=\"\"><h2 class=\"ult-new-ib-title ult-responsive\"  data-ultimate-target='#interactive-banner-wrap-3047 .ult-new-ib-title'  data-responsive-json-new='{\"font-size\":\"\",\"line-height\":\"\"}'  style=\"font-weight:normal;\">Spielplatz &amp; Tiere<\/h2><\/div><a class=\"ult-new-ib-link\" href=\"http:\/\/langbruck.at.w01385b3.kasserver.com\/tiere-spielplatz\/\"  ><\/a><\/div>[vc_column_text el_class=&#8220;hintergrund-box&#8220; css=&#8220;.vc_custom_1441197008409{margin-bottom: 0px !important;}&#8220;]Ideal f\u00fcr Familien:\u00a0fernab von vielbefahrenen Stra\u00dfen, gro\u00dfer Spielplatz, Streicheltiere uvm.[\/vc_column_text][vc_column_text]<span class=\"button-block\"><a href=\"https:\/\/www.langbruck.at\/cs\/tiere-spielplatz\/\">Abenteuer &amp; Entdeckungen<\/a><\/span>[\/vc_column_text][\/vc_column][\/vc_row][vc_row][vc_column][vc_column_text]<\/p>\n<h4>Famili\u00e4res Ambiente am Langbruckgut &#8211; Ihr Urlaub auf dem Bauernhof<\/h4>\n<p>[\/vc_column_text][vc_row_inner][vc_column_inner width=&#8220;1\/4&#8243;][vc_single_image image=&#8220;681&#8243; img_size=&#8220;small&#8220; img_link_large=&#8220;yes&#8220;][\/vc_column_inner][vc_column_inner width=&#8220;1\/4&#8243;][vc_single_image image=&#8220;682&#8243; img_size=&#8220;small&#8220; img_link_large=&#8220;yes&#8220;][\/vc_column_inner][vc_column_inner width=&#8220;1\/2&#8243;][vc_column_text]Gerne schenken wir Ihnen sch\u00f6ne Urlaubserinnerungen im Salzburger Land und geben Einblicke in unser Bauernhofleben. Besonders unsere Kinder freuen sich, viele neue Freunde kennenzulernen.[\/vc_column_text][vc_column_text]<\/p>\n<h5>Ihre Familie Buchsteiner<\/h5>\n<p>[\/vc_column_text][\/vc_column_inner][\/vc_row_inner][\/vc_column][\/vc_row]<\/p>\n<\/div>","protected":false},"excerpt":{"rendered":"<p>[vc_row][vc_column][vc_column_text] Bio-Bauernhof in Eben im Pongau Urlaub auf dem Bauernhof im Salzburger Land [\/vc_column_text][\/vc_column][\/vc_row][vc_row][vc_column][vc_single_image image=&#8220;99&#8243; img_size=&#8220;full&#8220;][\/vc_column][\/vc_row][vc_row][vc_column width=&#8220;1\/2&#8243;][vc_column_text] Sommer- &amp; Winterurlaub in der Natur [\/vc_column_text][vc_column_text]Die gem\u00fctlichen\u00a0Ferienwohnungen in Eben im Pongau laden Sie zu einem sch\u00f6nen Sommer- und Winterurlaub ein. Unser\u00a0familienfreundlicher\u00a0Bio-Bauernhof befindet sich in sonniger, ruhiger Lage, ca. 2 km vom Ortskern\u00a0Eben entfernt. Durch die\u00a0Alleinlage am Waldrand &hellip;<\/p>\n\n<p><a class=\"readmore btn btn-default btn-default btn-block\" href=\"https:\/\/www.langbruck.at\/cs\/\">Read More<\/a><\/p>","protected":false},"author":1,"featured_media":0,"parent":0,"menu_order":0,"comment_status":"closed","ping_status":"closed","template":"","meta":{"footnotes":""},"class_list":["post-993","page","type-page","status-publish","hentry"],"yoast_head":"<!-- This site is optimized with the Yoast SEO plugin v27.5 - https:\/\/yoast.com\/product\/yoast-seo-wordpress\/ -->\n<title>Urlaub auf dem Bauernhof, Eben im Pongau, Salzburger Land<\/title>\n<meta name=\"description\" content=\"Urlaub auf dem Bauernhof am Bio-Bauernhof Langbruckgut in Eben im Pongau: Ferienwohnungen f\u00fcr 2 - 6 Personen, hofeigene Bio-Produkte,...\" \/>\n<meta name=\"robots\" content=\"index, follow, max-snippet:-1, max-image-preview:large, max-video-preview:-1\" \/>\n<link rel=\"canonical\" href=\"https:\/\/www.langbruck.at\/cs\/\" \/>\n<meta property=\"og:locale\" content=\"cs_CZ\" \/>\n<meta property=\"og:type\" content=\"article\" \/>\n<meta property=\"og:title\" content=\"Urlaub auf dem Bauernhof, Eben im Pongau, Salzburger Land\" \/>\n<meta property=\"og:description\" content=\"Urlaub auf dem Bauernhof am Bio-Bauernhof Langbruckgut in Eben im Pongau: Ferienwohnungen f\u00fcr 2 - 6 Personen, hofeigene Bio-Produkte,...\" \/>\n<meta property=\"og:url\" content=\"https:\/\/www.langbruck.at\/cs\/\" \/>\n<meta property=\"og:site_name\" content=\"Langbruckgut\" \/>\n<meta property=\"article:modified_time\" content=\"2017-09-14T08:08:08+00:00\" \/>\n<meta name=\"twitter:card\" content=\"summary_large_image\" \/>\n<meta name=\"twitter:label1\" content=\"Odhadovan\u00e1 doba \u010dten\u00ed\" \/>\n\t<meta name=\"twitter:data1\" content=\"2 minuty\" \/>\n<script type=\"application\/ld+json\" class=\"yoast-schema-graph\">{\"@context\":\"https:\\\/\\\/schema.org\",\"@graph\":[{\"@type\":\"WebPage\",\"@id\":\"https:\\\/\\\/www.langbruck.at\\\/cs\\\/\",\"url\":\"https:\\\/\\\/www.langbruck.at\\\/cs\\\/\",\"name\":\"Urlaub auf dem Bauernhof, Eben im Pongau, Salzburger Land\",\"isPartOf\":{\"@id\":\"https:\\\/\\\/www.langbruck.at\\\/#website\"},\"datePublished\":\"2015-08-11T09:45:19+00:00\",\"dateModified\":\"2017-09-14T08:08:08+00:00\",\"description\":\"Urlaub auf dem Bauernhof am Bio-Bauernhof Langbruckgut in Eben im Pongau: Ferienwohnungen f\u00fcr 2 - 6 Personen, hofeigene Bio-Produkte,...\",\"breadcrumb\":{\"@id\":\"https:\\\/\\\/www.langbruck.at\\\/cs\\\/#breadcrumb\"},\"inLanguage\":\"cs\",\"potentialAction\":[{\"@type\":\"ReadAction\",\"target\":[\"https:\\\/\\\/www.langbruck.at\\\/cs\\\/\"]}]},{\"@type\":\"BreadcrumbList\",\"@id\":\"https:\\\/\\\/www.langbruck.at\\\/cs\\\/#breadcrumb\",\"itemListElement\":[{\"@type\":\"ListItem\",\"position\":1,\"name\":\"Dom\u016f\",\"item\":\"https:\\\/\\\/www.langbruck.at\\\/cs\\\/\"},{\"@type\":\"ListItem\",\"position\":2,\"name\":\"Home\"}]},{\"@type\":\"WebSite\",\"@id\":\"https:\\\/\\\/www.langbruck.at\\\/#website\",\"url\":\"https:\\\/\\\/www.langbruck.at\\\/\",\"name\":\"Langbruckgut\",\"description\":\"Zimmer &amp; Ferienwohnungen in Eben\",\"potentialAction\":[{\"@type\":\"SearchAction\",\"target\":{\"@type\":\"EntryPoint\",\"urlTemplate\":\"https:\\\/\\\/www.langbruck.at\\\/?s={search_term_string}\"},\"query-input\":{\"@type\":\"PropertyValueSpecification\",\"valueRequired\":true,\"valueName\":\"search_term_string\"}}],\"inLanguage\":\"cs\"}]}<\/script>\n<!-- \/ Yoast SEO plugin. -->","yoast_head_json":{"title":"Urlaub auf dem Bauernhof, Eben im Pongau, Salzburger Land","description":"Urlaub auf dem Bauernhof am Bio-Bauernhof Langbruckgut in Eben im Pongau: Ferienwohnungen f\u00fcr 2 - 6 Personen, hofeigene Bio-Produkte,...","robots":{"index":"index","follow":"follow","max-snippet":"max-snippet:-1","max-image-preview":"max-image-preview:large","max-video-preview":"max-video-preview:-1"},"canonical":"https:\/\/www.langbruck.at\/cs\/","og_locale":"cs_CZ","og_type":"article","og_title":"Urlaub auf dem Bauernhof, Eben im Pongau, Salzburger Land","og_description":"Urlaub auf dem Bauernhof am Bio-Bauernhof Langbruckgut in Eben im Pongau: Ferienwohnungen f\u00fcr 2 - 6 Personen, hofeigene Bio-Produkte,...","og_url":"https:\/\/www.langbruck.at\/cs\/","og_site_name":"Langbruckgut","article_modified_time":"2017-09-14T08:08:08+00:00","twitter_card":"summary_large_image","twitter_misc":{"Odhadovan\u00e1 doba \u010dten\u00ed":"2 minuty"},"schema":{"@context":"https:\/\/schema.org","@graph":[{"@type":"WebPage","@id":"https:\/\/www.langbruck.at\/cs\/","url":"https:\/\/www.langbruck.at\/cs\/","name":"Urlaub auf dem Bauernhof, Eben im Pongau, Salzburger Land","isPartOf":{"@id":"https:\/\/www.langbruck.at\/#website"},"datePublished":"2015-08-11T09:45:19+00:00","dateModified":"2017-09-14T08:08:08+00:00","description":"Urlaub auf dem Bauernhof am Bio-Bauernhof Langbruckgut in Eben im Pongau: Ferienwohnungen f\u00fcr 2 - 6 Personen, hofeigene Bio-Produkte,...","breadcrumb":{"@id":"https:\/\/www.langbruck.at\/cs\/#breadcrumb"},"inLanguage":"cs","potentialAction":[{"@type":"ReadAction","target":["https:\/\/www.langbruck.at\/cs\/"]}]},{"@type":"BreadcrumbList","@id":"https:\/\/www.langbruck.at\/cs\/#breadcrumb","itemListElement":[{"@type":"ListItem","position":1,"name":"Dom\u016f","item":"https:\/\/www.langbruck.at\/cs\/"},{"@type":"ListItem","position":2,"name":"Home"}]},{"@type":"WebSite","@id":"https:\/\/www.langbruck.at\/#website","url":"https:\/\/www.langbruck.at\/","name":"Langbruckgut","description":"Zimmer &amp; Ferienwohnungen in Eben","potentialAction":[{"@type":"SearchAction","target":{"@type":"EntryPoint","urlTemplate":"https:\/\/www.langbruck.at\/?s={search_term_string}"},"query-input":{"@type":"PropertyValueSpecification","valueRequired":true,"valueName":"search_term_string"}}],"inLanguage":"cs"}]}},"_links":{"self":[{"href":"https:\/\/www.langbruck.at\/cs\/wp-json\/wp\/v2\/pages\/993","targetHints":{"allow":["GET"]}}],"collection":[{"href":"https:\/\/www.langbruck.at\/cs\/wp-json\/wp\/v2\/pages"}],"about":[{"href":"https:\/\/www.langbruck.at\/cs\/wp-json\/wp\/v2\/types\/page"}],"author":[{"embeddable":true,"href":"https:\/\/www.langbruck.at\/cs\/wp-json\/wp\/v2\/users\/1"}],"replies":[{"embeddable":true,"href":"https:\/\/www.langbruck.at\/cs\/wp-json\/wp\/v2\/comments?post=993"}],"version-history":[{"count":3,"href":"https:\/\/www.langbruck.at\/cs\/wp-json\/wp\/v2\/pages\/993\/revisions"}],"predecessor-version":[{"id":1364,"href":"https:\/\/www.langbruck.at\/cs\/wp-json\/wp\/v2\/pages\/993\/revisions\/1364"}],"wp:attachment":[{"href":"https:\/\/www.langbruck.at\/cs\/wp-json\/wp\/v2\/media?parent=993"}],"curies":[{"name":"wp","href":"https:\/\/api.w.org\/{rel}","templated":true}]}}