{"id":999,"date":"2015-08-11T08:49:04","date_gmt":"2015-08-11T08:49:04","guid":{"rendered":"http:\/\/langbruck.at.w01385b3.kasserver.com\/kontakt-anreise\/?lang=cs"},"modified":"2022-08-24T08:05:13","modified_gmt":"2022-08-24T08:05:13","slug":"kontakt-anreise","status":"publish","type":"page","link":"https:\/\/www.langbruck.at\/cs\/kontakt-anreise\/","title":{"rendered":"Kontakt &#038; Anreise"},"content":{"rendered":"<div class=\"wpb-content-wrapper\"><p>[vc_row][vc_column][vc_column_text]<\/p>\n<h1>Kontakt &amp; Anreise zum Langbruckgut<\/h1>\n<h2 class=\"ueberschrift\">Bio-Bauernhof in Eben im Pongau, Salzburger Land<\/h2>\n<h2><\/h2>\n<p>[\/vc_column_text][\/vc_column][\/vc_row][vc_row][vc_column][vc_single_image image=&#8220;99&#8243; img_size=&#8220;full&#8220;][\/vc_column][\/vc_row][vc_row][vc_column width=&#8220;2\/3&#8243;][vc_single_image image=&#8220;123&#8243; img_size=&#8220;large&#8220; img_link_large=&#8220;yes&#8220;][\/vc_column][vc_column width=&#8220;1\/3&#8243;][vc_column_text]<\/p>\n<h3>Bio-Bauernhof &amp; Erbhof<br \/>\nLangbruckgut<\/h3>\n<p>&nbsp;<\/p>\n<p>Urlaub auf dem Bauernhof<br \/>\nFamilie Buchsteiner<br \/>\nGasthofberg 14<br \/>\nA-5531 Eben im Pongau<\/p>\n<p>&nbsp;<\/p>\n<p>Tel. +43 664 28 09 451<br \/>\n<a href=\"mailto:info@langbruck.at\">E-mail senden<\/a>[\/vc_column_text][\/vc_column][\/vc_row][vc_row][vc_column][vc_single_image image=&#8220;99&#8243; img_size=&#8220;full&#8220;][\/vc_column][\/vc_row][vc_row][vc_column][vc_column_text]<\/p>\n<h2 style=\"text-align: center;\">Ihr Weg zum Langbruckgut<\/h2>\n<p>[\/vc_column_text][\/vc_column][\/vc_row][vc_row el_class=&#8220;abstand-unten-0&#8243;][vc_column][vc_column_text]<\/p>\n<h3>Anreise per Auto<\/h3>\n<p>[\/vc_column_text][vc_column_text]<\/p>\n<div id=\"correction_area\" class=\"form-item no-affixes\">\n<div id=\"correction_text\" class=\"form-textarea\">Die GPS-Daten f\u00fcr Ihr Navigationsger\u00e4t (UTM) lauten: Breitengrad: 47.4288719, L\u00e4ngengrad: 13.3808327.<\/div>\n<\/div>\n<p>[\/vc_column_text][\/vc_column][\/vc_row][vc_row][vc_column][\/vc_column][\/vc_row][vc_row][vc_column][vc_column_text]<\/p>\n<h4>Stra\u00dfenzustandsbericht in \u00d6sterreich (\u00d6AMTC)<\/h4>\n<div id=\"correction_area\" class=\"form-item no-affixes\">\n<div id=\"correction_text\" class=\"form-textarea\">Erkundigen Sie sich bitte vor Ihrer Anreise \u00fcber die <a href=\"http:\/\/www.oeamtc.at\/\" target=\"_blank\">aktuelle Verkehrslage<\/a> in \u00d6sterreich, damit Sie sicher beim Bio-Bauernhof Langbruckgut in Eben im Pongau ankommen. Beachten Sie, dass auf den \u00f6sterreichischen Autobahnen Vignettenpflicht gilt.<\/div>\n<\/div>\n<p>[\/vc_column_text][\/vc_column][\/vc_row][vc_row][vc_column width=&#8220;1\/2&#8243;][vc_single_image image=&#8220;133&#8243; img_size=&#8220;medium&#8220; img_link_large=&#8220;yes&#8220;][\/vc_column][vc_column width=&#8220;1\/2&#8243;][vc_column_text]<\/p>\n<h3>Anreise per Bahn<\/h3>\n<p>[\/vc_column_text][vc_column_text]<\/p>\n<p style=\"text-align: left;\">Der Bahnhof Eben im Pongau befindet sich ca. 4,5 km vom Langbruckgut entfernt. Die n\u00e4chste Schnellzughaltestelle ist im\u00a0ca. 13\u00a0km entfernten Radstadt.<\/p>\n<p>[\/vc_column_text][vc_column_text]Fahrpl\u00e4ne finden Sie unter:<\/p>\n<ul>\n<li><a href=\"http:\/\/www.oebb.at\/\" target=\"_blank\">\u00d6sterreichische Bundesbahn<\/a><\/li>\n<li><a href=\"http:\/\/www.bahn.de\" target=\"_blank\">Deutsche Bahn<\/a><\/li>\n<li><a href=\"http:\/\/www.sbb.ch\/\" target=\"_blank\">Schweizer Bundesbahn<\/a><\/li>\n<\/ul>\n<p>[\/vc_column_text][\/vc_column][\/vc_row][vc_row][vc_column width=&#8220;1\/2&#8243;][vc_column_text]<\/p>\n<h3>Anreise per Flugzeug<\/h3>\n<p>[\/vc_column_text][vc_column_text el_class=&#8220;abstand-unten-0&#8243;]Der n\u00e4chstgelegene Flughafen Salzburg-Airport W. A. Mozart liegt\u00a0ca. 65 km von unserem Bio-Bauernhof entfernt.[\/vc_column_text][vc_row_inner][vc_column_inner width=&#8220;1\/2&#8243;][vc_column_text]<\/p>\n<ul>\n<li><a href=\"http:\/\/www.germanwings.com\/\" target=\"_blank\">German Wings<\/a><\/li>\n<li><a href=\"https:\/\/www.norwegian.com\" target=\"_blank\">Norwegian<\/a><\/li>\n<li><a href=\"http:\/\/www.ryanair.com\/\" target=\"_blank\">Ryan Air<\/a><\/li>\n<\/ul>\n<p>[\/vc_column_text][\/vc_column_inner][vc_column_inner width=&#8220;1\/2&#8243;][vc_column_text]<\/p>\n<ul>\n<li><a href=\"http:\/\/www.austrian.com\/\" target=\"_blank\">AUA\/Lufthansa<\/a><\/li>\n<li><a href=\"http:\/\/www.airberlin.com\/\" target=\"_blank\">Air Berlin<\/a><\/li>\n<li><a href=\"http:\/\/www.britishairways.com\/\" target=\"_blank\">British Airways<\/a><\/li>\n<\/ul>\n<p>[\/vc_column_text][\/vc_column_inner][\/vc_row_inner][\/vc_column][vc_column width=&#8220;1\/2&#8243;][vc_single_image image=&#8220;135&#8243; img_size=&#8220;medium&#8220; img_link_large=&#8220;yes&#8220;][\/vc_column][\/vc_row][vc_row][vc_column width=&#8220;1\/2&#8243;][vc_single_image image=&#8220;134&#8243; img_size=&#8220;medium&#8220; img_link_large=&#8220;yes&#8220;][\/vc_column][vc_column width=&#8220;1\/2&#8243;][vc_column_text]<\/p>\n<h3>Taxi- und Shuttledienste<\/h3>\n<p>[\/vc_column_text][vc_column_text]Bei Ihrer An- und Abreise helfen Ihnen regionale Taxiunternehmen gerne weiter.[\/vc_column_text][vc_column_text]<\/p>\n<ul>\n<li><a href=\"http:\/\/www.eschbacher.net\/home.html\" target=\"_blank\">Eschbacher Reisen<\/a><\/li>\n<li><a href=\"http:\/\/www.taxi3000.at\/\" target=\"_blank\">Taxi 3000<\/a><\/li>\n<li><a href=\"http:\/\/www.taxireiter.at\/\" target=\"_blank\">Taxi Reiter<\/a><\/li>\n<\/ul>\n<p>[\/vc_column_text][\/vc_column][\/vc_row]<\/p>\n<\/div>","protected":false},"excerpt":{"rendered":"<p>[vc_row][vc_column][vc_column_text] Kontakt &amp; Anreise zum Langbruckgut Bio-Bauernhof in Eben im Pongau, Salzburger Land [\/vc_column_text][\/vc_column][\/vc_row][vc_row][vc_column][vc_single_image image=&#8220;99&#8243; img_size=&#8220;full&#8220;][\/vc_column][\/vc_row][vc_row][vc_column width=&#8220;2\/3&#8243;][vc_single_image image=&#8220;123&#8243; img_size=&#8220;large&#8220; img_link_large=&#8220;yes&#8220;][\/vc_column][vc_column width=&#8220;1\/3&#8243;][vc_column_text] Bio-Bauernhof &amp; Erbhof Langbruckgut &nbsp; Urlaub auf dem Bauernhof Familie Buchsteiner Gasthofberg 14 A-5531 Eben im Pongau &nbsp; Tel. +43 664 28 09 451 E-mail senden[\/vc_column_text][\/vc_column][\/vc_row][vc_row][vc_column][vc_single_image image=&#8220;99&#8243; img_size=&#8220;full&#8220;][\/vc_column][\/vc_row][vc_row][vc_column][vc_column_text] Ihr Weg zum Langbruckgut [\/vc_column_text][\/vc_column][\/vc_row][vc_row el_class=&#8220;abstand-unten-0&#8243;][vc_column][vc_column_text] &hellip;<\/p>\n\n<p><a class=\"readmore btn btn-default btn-default btn-block\" href=\"https:\/\/www.langbruck.at\/cs\/kontakt-anreise\/\">Read More<\/a><\/p>","protected":false},"author":1,"featured_media":0,"parent":0,"menu_order":0,"comment_status":"closed","ping_status":"closed","template":"","meta":{"footnotes":""},"class_list":["post-999","page","type-page","status-publish","hentry"],"yoast_head":"<!-- This site is optimized with the Yoast SEO plugin v27.5 - https:\/\/yoast.com\/product\/yoast-seo-wordpress\/ -->\n<title>Kontakt - Bio-Bauernhof Langbruckgut, Eben im Pongau<\/title>\n<meta name=\"description\" content=\"Nehmen Sie Kontakt zu uns auf: Familie Buchsteiner, Gasthofberg 14, A-5531 Eben im Pongau, Tel. +43 664 28 09 451, info@langbruck.at\" \/>\n<meta name=\"robots\" content=\"index, follow, max-snippet:-1, max-image-preview:large, max-video-preview:-1\" \/>\n<link rel=\"canonical\" href=\"https:\/\/www.langbruck.at\/cs\/kontakt-anreise\/\" \/>\n<meta property=\"og:locale\" content=\"cs_CZ\" \/>\n<meta property=\"og:type\" content=\"article\" \/>\n<meta property=\"og:title\" content=\"Kontakt - Bio-Bauernhof Langbruckgut, Eben im Pongau\" \/>\n<meta property=\"og:description\" content=\"Nehmen Sie Kontakt zu uns auf: Familie Buchsteiner, Gasthofberg 14, A-5531 Eben im Pongau, Tel. +43 664 28 09 451, info@langbruck.at\" \/>\n<meta property=\"og:url\" content=\"https:\/\/www.langbruck.at\/cs\/kontakt-anreise\/\" \/>\n<meta property=\"og:site_name\" content=\"Langbruckgut\" \/>\n<meta property=\"article:modified_time\" content=\"2022-08-24T08:05:13+00:00\" \/>\n<meta name=\"twitter:card\" content=\"summary_large_image\" \/>\n<meta name=\"twitter:label1\" content=\"Odhadovan\u00e1 doba \u010dten\u00ed\" \/>\n\t<meta name=\"twitter:data1\" content=\"2 minuty\" \/>\n<script type=\"application\/ld+json\" class=\"yoast-schema-graph\">{\"@context\":\"https:\\\/\\\/schema.org\",\"@graph\":[{\"@type\":\"WebPage\",\"@id\":\"https:\\\/\\\/www.langbruck.at\\\/cs\\\/kontakt-anreise\\\/\",\"url\":\"https:\\\/\\\/www.langbruck.at\\\/cs\\\/kontakt-anreise\\\/\",\"name\":\"Kontakt - Bio-Bauernhof Langbruckgut, Eben im Pongau\",\"isPartOf\":{\"@id\":\"https:\\\/\\\/www.langbruck.at\\\/#website\"},\"datePublished\":\"2015-08-11T08:49:04+00:00\",\"dateModified\":\"2022-08-24T08:05:13+00:00\",\"description\":\"Nehmen Sie Kontakt zu uns auf: Familie Buchsteiner, Gasthofberg 14, A-5531 Eben im Pongau, Tel. +43 664 28 09 451, info@langbruck.at\",\"breadcrumb\":{\"@id\":\"https:\\\/\\\/www.langbruck.at\\\/cs\\\/kontakt-anreise\\\/#breadcrumb\"},\"inLanguage\":\"cs\",\"potentialAction\":[{\"@type\":\"ReadAction\",\"target\":[\"https:\\\/\\\/www.langbruck.at\\\/cs\\\/kontakt-anreise\\\/\"]}]},{\"@type\":\"BreadcrumbList\",\"@id\":\"https:\\\/\\\/www.langbruck.at\\\/cs\\\/kontakt-anreise\\\/#breadcrumb\",\"itemListElement\":[{\"@type\":\"ListItem\",\"position\":1,\"name\":\"Dom\u016f\",\"item\":\"https:\\\/\\\/www.langbruck.at\\\/cs\\\/\"},{\"@type\":\"ListItem\",\"position\":2,\"name\":\"Kontakt &#038; Anreise\"}]},{\"@type\":\"WebSite\",\"@id\":\"https:\\\/\\\/www.langbruck.at\\\/#website\",\"url\":\"https:\\\/\\\/www.langbruck.at\\\/\",\"name\":\"Langbruckgut\",\"description\":\"Zimmer &amp; Ferienwohnungen in Eben\",\"potentialAction\":[{\"@type\":\"SearchAction\",\"target\":{\"@type\":\"EntryPoint\",\"urlTemplate\":\"https:\\\/\\\/www.langbruck.at\\\/?s={search_term_string}\"},\"query-input\":{\"@type\":\"PropertyValueSpecification\",\"valueRequired\":true,\"valueName\":\"search_term_string\"}}],\"inLanguage\":\"cs\"}]}<\/script>\n<!-- \/ Yoast SEO plugin. -->","yoast_head_json":{"title":"Kontakt - Bio-Bauernhof Langbruckgut, Eben im Pongau","description":"Nehmen Sie Kontakt zu uns auf: Familie Buchsteiner, Gasthofberg 14, A-5531 Eben im Pongau, Tel. +43 664 28 09 451, info@langbruck.at","robots":{"index":"index","follow":"follow","max-snippet":"max-snippet:-1","max-image-preview":"max-image-preview:large","max-video-preview":"max-video-preview:-1"},"canonical":"https:\/\/www.langbruck.at\/cs\/kontakt-anreise\/","og_locale":"cs_CZ","og_type":"article","og_title":"Kontakt - Bio-Bauernhof Langbruckgut, Eben im Pongau","og_description":"Nehmen Sie Kontakt zu uns auf: Familie Buchsteiner, Gasthofberg 14, A-5531 Eben im Pongau, Tel. +43 664 28 09 451, info@langbruck.at","og_url":"https:\/\/www.langbruck.at\/cs\/kontakt-anreise\/","og_site_name":"Langbruckgut","article_modified_time":"2022-08-24T08:05:13+00:00","twitter_card":"summary_large_image","twitter_misc":{"Odhadovan\u00e1 doba \u010dten\u00ed":"2 minuty"},"schema":{"@context":"https:\/\/schema.org","@graph":[{"@type":"WebPage","@id":"https:\/\/www.langbruck.at\/cs\/kontakt-anreise\/","url":"https:\/\/www.langbruck.at\/cs\/kontakt-anreise\/","name":"Kontakt - Bio-Bauernhof Langbruckgut, Eben im Pongau","isPartOf":{"@id":"https:\/\/www.langbruck.at\/#website"},"datePublished":"2015-08-11T08:49:04+00:00","dateModified":"2022-08-24T08:05:13+00:00","description":"Nehmen Sie Kontakt zu uns auf: Familie Buchsteiner, Gasthofberg 14, A-5531 Eben im Pongau, Tel. +43 664 28 09 451, info@langbruck.at","breadcrumb":{"@id":"https:\/\/www.langbruck.at\/cs\/kontakt-anreise\/#breadcrumb"},"inLanguage":"cs","potentialAction":[{"@type":"ReadAction","target":["https:\/\/www.langbruck.at\/cs\/kontakt-anreise\/"]}]},{"@type":"BreadcrumbList","@id":"https:\/\/www.langbruck.at\/cs\/kontakt-anreise\/#breadcrumb","itemListElement":[{"@type":"ListItem","position":1,"name":"Dom\u016f","item":"https:\/\/www.langbruck.at\/cs\/"},{"@type":"ListItem","position":2,"name":"Kontakt &#038; Anreise"}]},{"@type":"WebSite","@id":"https:\/\/www.langbruck.at\/#website","url":"https:\/\/www.langbruck.at\/","name":"Langbruckgut","description":"Zimmer &amp; Ferienwohnungen in Eben","potentialAction":[{"@type":"SearchAction","target":{"@type":"EntryPoint","urlTemplate":"https:\/\/www.langbruck.at\/?s={search_term_string}"},"query-input":{"@type":"PropertyValueSpecification","valueRequired":true,"valueName":"search_term_string"}}],"inLanguage":"cs"}]}},"_links":{"self":[{"href":"https:\/\/www.langbruck.at\/cs\/wp-json\/wp\/v2\/pages\/999","targetHints":{"allow":["GET"]}}],"collection":[{"href":"https:\/\/www.langbruck.at\/cs\/wp-json\/wp\/v2\/pages"}],"about":[{"href":"https:\/\/www.langbruck.at\/cs\/wp-json\/wp\/v2\/types\/page"}],"author":[{"embeddable":true,"href":"https:\/\/www.langbruck.at\/cs\/wp-json\/wp\/v2\/users\/1"}],"replies":[{"embeddable":true,"href":"https:\/\/www.langbruck.at\/cs\/wp-json\/wp\/v2\/comments?post=999"}],"version-history":[{"count":2,"href":"https:\/\/www.langbruck.at\/cs\/wp-json\/wp\/v2\/pages\/999\/revisions"}],"predecessor-version":[{"id":1465,"href":"https:\/\/www.langbruck.at\/cs\/wp-json\/wp\/v2\/pages\/999\/revisions\/1465"}],"wp:attachment":[{"href":"https:\/\/www.langbruck.at\/cs\/wp-json\/wp\/v2\/media?parent=999"}],"curies":[{"name":"wp","href":"https:\/\/api.w.org\/{rel}","templated":true}]}}